{"id":8537,"date":"2023-01-25T16:01:24","date_gmt":"2023-01-25T15:01:24","guid":{"rendered":"https:\/\/lekka-store.pl\/produkt\/kolczyki-muszle-wiszace-duze-na-zamowienie\/"},"modified":"2023-01-25T16:01:24","modified_gmt":"2023-01-25T15:01:24","slug":"kolczyki-muszle-wiszace-duze-na-zamowienie","status":"publish","type":"product","link":"https:\/\/lekka-store.pl\/en\/produkt\/kolczyki-muszle-wiszace-duze-na-zamowienie\/","title":{"rendered":"Kolczyki muszle, wisz\u0105ce, du\u017ce &#8211; na zam\u00f3wienie"},"content":{"rendered":"<p><!--StartFragment--><!--StartFragment-->  <\/p>\n<p>Idziesz po pla\u017cy i znajdujesz cudn\u0105 muszl\u0119. Ma owalny kszta\u0142t, czujesz jej delikatnie chropowat\u0105, przyjemn\u0105 faktur\u0119 i jest ciep\u0142a &#8211; przyjemnie nagrzana s\u0142o\u0144cem.<\/p>\n<p>To w sytuacjach takich jak ta b\u0119d\u0105 towarzyszy\u0107 Ci kolczyki z kolekcji MAREA &#8211; pasuj\u0105 do szort\u00f3w i koszulki zak\u0142adanych na deptak, na pla\u017c\u0119 czy po prostu spacer po mie\u015bcie. Ale czemu nie za\u0142o\u017cy\u0107 ich te\u017c do sukienki i szpilek na kieliszek wieczornego Aperolu?<\/p>\n<hr \/>\n<p>Powstan\u0105 na Twoje zam\u00f3wienie w praskiej pracowni ceramicznej &#8211; ka\u017cd\u0105 par\u0119 wykonuj\u0119 r\u0119cznie, a p\u00f3\u017aniej wypalam dwukrotnie w piecu ceramicznym w maksymalnej temperaturze 1250 stopni. Po zam\u00f3wieniu zostan\u0105 zrobione specjalnie dla Ciebie i wys\u0142ane 21 lipca.<\/p>\n<hr \/>\n<p>Kolczyki dost\u0119pne s\u0105 w 10 wariantach kolorystycznych: biel, czer\u0144, pudrowy r\u00f3\u017c, koralowy, ba\u0142tycki niebieski, go\u0142\u0119bi b\u0142\u0119kit, kobaltowy, butelkowa ziele\u0144, sza\u0142wia, pastelowa mi\u0119ta.<\/p>\n<hr \/>\n<p>Materia\u0142y i wymiary:<\/p>\n<p>\u2022 najwy\u017cszej jako\u015bci hiszpa\u0144ska porcelana barwiona w masie lub bia\u0142a (w zale\u017cno\u015bci od wybranego wariantu). To dzi\u0119ki niej kolczyki s\u0105 bardzo lekkie &#8211; odpowiednie dla nawet najbardziej wra\u017cliwych uszu.<\/p>\n<p>\u2022 stal chirurgiczna poz\u0142acana<\/p>\n<p>Wymiary: szeroko\u015b\u0107 kolczyka 3.3 cm, d\u0142ugo\u015b\u0107 ca\u0142o\u015bci 5 cm<\/p>\n<p>  <!--EndFragment-->  <\/p>\n<p>\u00a0<\/p>\n","protected":false},"excerpt":{"rendered":"<p>Idziesz po pla\u017cy i znajdujesz cudn\u0105 muszl\u0119. Ma owalny kszta\u0142t, czujesz jej delikatnie chropowat\u0105, przyjemn\u0105 faktur\u0119 i jest ciep\u0142a &#8211; przyjemnie nagrzana s\u0142o\u0144cem. To w sytuacjach takich jak ta b\u0119d\u0105 towarzyszy\u0107 Ci kolczyki z kolekcji MAREA &#8211; pasuj\u0105 do szort\u00f3w i koszulki zak\u0142adanych na deptak, na pla\u017c\u0119 czy po prostu spacer po mie\u015bcie. Ale czemu [&hellip;]<\/p>\n","protected":false},"featured_media":8538,"template":"","meta":{"ocean_post_layout":"","ocean_both_sidebars_style":"","ocean_both_sidebars_content_width":0,"ocean_both_sidebars_sidebars_width":0,"ocean_sidebar":"","ocean_second_sidebar":"","ocean_disable_margins":"enable","ocean_add_body_class":"","ocean_shortcode_before_top_bar":"","ocean_shortcode_after_top_bar":"","ocean_shortcode_before_header":"","ocean_shortcode_after_header":"","ocean_has_shortcode":"","ocean_shortcode_after_title":"","ocean_shortcode_before_footer_widgets":"","ocean_shortcode_after_footer_widgets":"","ocean_shortcode_before_footer_bottom":"","ocean_shortcode_after_footer_bottom":"","ocean_display_top_bar":"default","ocean_display_header":"default","ocean_header_style":"","ocean_center_header_left_menu":"","ocean_custom_header_template":"","ocean_custom_logo":0,"ocean_custom_retina_logo":0,"ocean_custom_logo_max_width":0,"ocean_custom_logo_tablet_max_width":0,"ocean_custom_logo_mobile_max_width":0,"ocean_custom_logo_max_height":0,"ocean_custom_logo_tablet_max_height":0,"ocean_custom_logo_mobile_max_height":0,"ocean_header_custom_menu":"","ocean_menu_typo_font_family":"","ocean_menu_typo_font_subset":"","ocean_menu_typo_font_size":0,"ocean_menu_typo_font_size_tablet":0,"ocean_menu_typo_font_size_mobile":0,"ocean_menu_typo_font_size_unit":"px","ocean_menu_typo_font_weight":"","ocean_menu_typo_font_weight_tablet":"","ocean_menu_typo_font_weight_mobile":"","ocean_menu_typo_transform":"","ocean_menu_typo_transform_tablet":"","ocean_menu_typo_transform_mobile":"","ocean_menu_typo_line_height":0,"ocean_menu_typo_line_height_tablet":0,"ocean_menu_typo_line_height_mobile":0,"ocean_menu_typo_line_height_unit":"","ocean_menu_typo_spacing":0,"ocean_menu_typo_spacing_tablet":0,"ocean_menu_typo_spacing_mobile":0,"ocean_menu_typo_spacing_unit":"","ocean_menu_link_color":"","ocean_menu_link_color_hover":"","ocean_menu_link_color_active":"","ocean_menu_link_background":"","ocean_menu_link_hover_background":"","ocean_menu_link_active_background":"","ocean_menu_social_links_bg":"","ocean_menu_social_hover_links_bg":"","ocean_menu_social_links_color":"","ocean_menu_social_hover_links_color":"","ocean_disable_title":"default","ocean_disable_heading":"default","ocean_post_title":"","ocean_post_subheading":"","ocean_post_title_style":"","ocean_post_title_background_color":"","ocean_post_title_background":0,"ocean_post_title_bg_image_position":"","ocean_post_title_bg_image_attachment":"","ocean_post_title_bg_image_repeat":"","ocean_post_title_bg_image_size":"","ocean_post_title_height":0,"ocean_post_title_bg_overlay":0.5,"ocean_post_title_bg_overlay_color":"","ocean_disable_breadcrumbs":"default","ocean_breadcrumbs_color":"","ocean_breadcrumbs_separator_color":"","ocean_breadcrumbs_links_color":"","ocean_breadcrumbs_links_hover_color":"","ocean_display_footer_widgets":"default","ocean_display_footer_bottom":"default","ocean_custom_footer_template":""},"product_brand":[],"product_cat":[89,65,62,93],"product_tag":[],"class_list":{"0":"post-8537","1":"product","2":"type-product","3":"status-publish","4":"has-post-thumbnail","6":"product_cat-wszystko","7":"product_cat-wszystkie-kolczyki","8":"product_cat-kolczyki-wiszace","9":"product_cat-bizuteria","11":"entry","12":"has-media","14":"first","15":"outofstock","16":"shipping-taxable","17":"purchasable","18":"product-type-simple","19":"has-product-nav","20":"col","21":"span_1_of_3","22":"owp-content-center","23":"item-entry","24":"owp-thumbs-layout-horizontal","25":"owp-btn-normal","26":"owp-tabs-layout-section","27":"has-no-thumbnails"},"yoast_head":"<!-- This site is optimized with the Yoast SEO plugin v27.4 - https:\/\/yoast.com\/product\/yoast-seo-wordpress\/ -->\n<title>Kolczyki muszle, wisz\u0105ce, du\u017ce - na zam\u00f3wienie - Lekka - porcelanowa bi\u017cuteria i naczynia<\/title>\n<meta name=\"robots\" content=\"index, follow, max-snippet:-1, max-image-preview:large, max-video-preview:-1\" \/>\n<link rel=\"canonical\" href=\"https:\/\/lekka-store.pl\/en\/produkt\/kolczyki-muszle-wiszace-duze-na-zamowienie\/\" \/>\n<meta property=\"og:locale\" content=\"en_US\" \/>\n<meta property=\"og:type\" content=\"article\" \/>\n<meta property=\"og:title\" content=\"Kolczyki muszle, wisz\u0105ce, du\u017ce - na zam\u00f3wienie - Lekka - porcelanowa bi\u017cuteria i naczynia\" \/>\n<meta property=\"og:description\" content=\"Idziesz po pla\u017cy i znajdujesz cudn\u0105 muszl\u0119. Ma owalny kszta\u0142t, czujesz jej delikatnie chropowat\u0105, przyjemn\u0105 faktur\u0119 i jest ciep\u0142a &#8211; przyjemnie nagrzana s\u0142o\u0144cem. To w sytuacjach takich jak ta b\u0119d\u0105 towarzyszy\u0107 Ci kolczyki z kolekcji MAREA &#8211; pasuj\u0105 do szort\u00f3w i koszulki zak\u0142adanych na deptak, na pla\u017c\u0119 czy po prostu spacer po mie\u015bcie. Ale czemu [&hellip;]\" \/>\n<meta property=\"og:url\" content=\"https:\/\/lekka-store.pl\/en\/produkt\/kolczyki-muszle-wiszace-duze-na-zamowienie\/\" \/>\n<meta property=\"og:site_name\" content=\"Lekka - porcelanowa bi\u017cuteria i naczynia\" \/>\n<meta name=\"twitter:card\" content=\"summary_large_image\" \/>\n<meta name=\"twitter:label1\" content=\"Est. reading time\" \/>\n\t<meta name=\"twitter:data1\" content=\"1 minute\" \/>\n<script type=\"application\/ld+json\" class=\"yoast-schema-graph\">{\"@context\":\"https:\\\/\\\/schema.org\",\"@graph\":[{\"@type\":\"WebPage\",\"@id\":\"https:\\\/\\\/lekka-store.pl\\\/en\\\/produkt\\\/kolczyki-muszle-wiszace-duze-na-zamowienie\\\/\",\"url\":\"https:\\\/\\\/lekka-store.pl\\\/en\\\/produkt\\\/kolczyki-muszle-wiszace-duze-na-zamowienie\\\/\",\"name\":\"Kolczyki muszle, wisz\u0105ce, du\u017ce - na zam\u00f3wienie - Lekka - porcelanowa bi\u017cuteria i naczynia\",\"isPartOf\":{\"@id\":\"https:\\\/\\\/lekka-store.pl\\\/en\\\/#website\"},\"primaryImageOfPage\":{\"@id\":\"https:\\\/\\\/lekka-store.pl\\\/en\\\/produkt\\\/kolczyki-muszle-wiszace-duze-na-zamowienie\\\/#primaryimage\"},\"image\":{\"@id\":\"https:\\\/\\\/lekka-store.pl\\\/en\\\/produkt\\\/kolczyki-muszle-wiszace-duze-na-zamowienie\\\/#primaryimage\"},\"thumbnailUrl\":\"https:\\\/\\\/lekka-store.pl\\\/wp-content\\\/uploads\\\/2023\\\/01\\\/470.jpg\",\"datePublished\":\"2023-01-25T15:01:24+00:00\",\"breadcrumb\":{\"@id\":\"https:\\\/\\\/lekka-store.pl\\\/en\\\/produkt\\\/kolczyki-muszle-wiszace-duze-na-zamowienie\\\/#breadcrumb\"},\"inLanguage\":\"en-US\",\"potentialAction\":[{\"@type\":\"ReadAction\",\"target\":[\"https:\\\/\\\/lekka-store.pl\\\/en\\\/produkt\\\/kolczyki-muszle-wiszace-duze-na-zamowienie\\\/\"]}]},{\"@type\":\"ImageObject\",\"inLanguage\":\"en-US\",\"@id\":\"https:\\\/\\\/lekka-store.pl\\\/en\\\/produkt\\\/kolczyki-muszle-wiszace-duze-na-zamowienie\\\/#primaryimage\",\"url\":\"https:\\\/\\\/lekka-store.pl\\\/wp-content\\\/uploads\\\/2023\\\/01\\\/470.jpg\",\"contentUrl\":\"https:\\\/\\\/lekka-store.pl\\\/wp-content\\\/uploads\\\/2023\\\/01\\\/470.jpg\",\"width\":1080,\"height\":1350},{\"@type\":\"BreadcrumbList\",\"@id\":\"https:\\\/\\\/lekka-store.pl\\\/en\\\/produkt\\\/kolczyki-muszle-wiszace-duze-na-zamowienie\\\/#breadcrumb\",\"itemListElement\":[{\"@type\":\"ListItem\",\"position\":1,\"name\":\"Strona g\u0142\u00f3wna\",\"item\":\"https:\\\/\\\/lekka-store.pl\\\/en\\\/\"},{\"@type\":\"ListItem\",\"position\":2,\"name\":\"Shop\",\"item\":\"https:\\\/\\\/lekka-store.pl\\\/en\\\/shop\\\/\"},{\"@type\":\"ListItem\",\"position\":3,\"name\":\"Kolczyki muszle, wisz\u0105ce, du\u017ce &#8211; na zam\u00f3wienie\"}]},{\"@type\":\"WebSite\",\"@id\":\"https:\\\/\\\/lekka-store.pl\\\/en\\\/#website\",\"url\":\"https:\\\/\\\/lekka-store.pl\\\/en\\\/\",\"name\":\"Lekka - porcelanowa bi\u017cuteria i naczynia\",\"description\":\"Porcelanowa bi\u017cuteria i naczynia\",\"publisher\":{\"@id\":\"https:\\\/\\\/lekka-store.pl\\\/en\\\/#organization\"},\"potentialAction\":[{\"@type\":\"SearchAction\",\"target\":{\"@type\":\"EntryPoint\",\"urlTemplate\":\"https:\\\/\\\/lekka-store.pl\\\/en\\\/?s={search_term_string}\"},\"query-input\":{\"@type\":\"PropertyValueSpecification\",\"valueRequired\":true,\"valueName\":\"search_term_string\"}}],\"inLanguage\":\"en-US\"},{\"@type\":\"Organization\",\"@id\":\"https:\\\/\\\/lekka-store.pl\\\/en\\\/#organization\",\"name\":\"Lekka - porcelanowa bi\u017cuteria i naczynia\",\"url\":\"https:\\\/\\\/lekka-store.pl\\\/en\\\/\",\"logo\":{\"@type\":\"ImageObject\",\"inLanguage\":\"en-US\",\"@id\":\"https:\\\/\\\/lekka-store.pl\\\/en\\\/#\\\/schema\\\/logo\\\/image\\\/\",\"url\":\"https:\\\/\\\/lekka-store.pl\\\/wp-content\\\/uploads\\\/2020\\\/05\\\/Asset-17.png\",\"contentUrl\":\"https:\\\/\\\/lekka-store.pl\\\/wp-content\\\/uploads\\\/2020\\\/05\\\/Asset-17.png\",\"width\":255,\"height\":100,\"caption\":\"Lekka - porcelanowa bi\u017cuteria i naczynia\"},\"image\":{\"@id\":\"https:\\\/\\\/lekka-store.pl\\\/en\\\/#\\\/schema\\\/logo\\\/image\\\/\"}}]}<\/script>\n<!-- \/ Yoast SEO plugin. -->","yoast_head_json":{"title":"Kolczyki muszle, wisz\u0105ce, du\u017ce - na zam\u00f3wienie - Lekka - porcelanowa bi\u017cuteria i naczynia","robots":{"index":"index","follow":"follow","max-snippet":"max-snippet:-1","max-image-preview":"max-image-preview:large","max-video-preview":"max-video-preview:-1"},"canonical":"https:\/\/lekka-store.pl\/en\/produkt\/kolczyki-muszle-wiszace-duze-na-zamowienie\/","og_locale":"en_US","og_type":"article","og_title":"Kolczyki muszle, wisz\u0105ce, du\u017ce - na zam\u00f3wienie - Lekka - porcelanowa bi\u017cuteria i naczynia","og_description":"Idziesz po pla\u017cy i znajdujesz cudn\u0105 muszl\u0119. Ma owalny kszta\u0142t, czujesz jej delikatnie chropowat\u0105, przyjemn\u0105 faktur\u0119 i jest ciep\u0142a &#8211; przyjemnie nagrzana s\u0142o\u0144cem. To w sytuacjach takich jak ta b\u0119d\u0105 towarzyszy\u0107 Ci kolczyki z kolekcji MAREA &#8211; pasuj\u0105 do szort\u00f3w i koszulki zak\u0142adanych na deptak, na pla\u017c\u0119 czy po prostu spacer po mie\u015bcie. Ale czemu [&hellip;]","og_url":"https:\/\/lekka-store.pl\/en\/produkt\/kolczyki-muszle-wiszace-duze-na-zamowienie\/","og_site_name":"Lekka - porcelanowa bi\u017cuteria i naczynia","twitter_card":"summary_large_image","twitter_misc":{"Est. reading time":"1 minute"},"schema":{"@context":"https:\/\/schema.org","@graph":[{"@type":"WebPage","@id":"https:\/\/lekka-store.pl\/en\/produkt\/kolczyki-muszle-wiszace-duze-na-zamowienie\/","url":"https:\/\/lekka-store.pl\/en\/produkt\/kolczyki-muszle-wiszace-duze-na-zamowienie\/","name":"Kolczyki muszle, wisz\u0105ce, du\u017ce - na zam\u00f3wienie - Lekka - porcelanowa bi\u017cuteria i naczynia","isPartOf":{"@id":"https:\/\/lekka-store.pl\/en\/#website"},"primaryImageOfPage":{"@id":"https:\/\/lekka-store.pl\/en\/produkt\/kolczyki-muszle-wiszace-duze-na-zamowienie\/#primaryimage"},"image":{"@id":"https:\/\/lekka-store.pl\/en\/produkt\/kolczyki-muszle-wiszace-duze-na-zamowienie\/#primaryimage"},"thumbnailUrl":"https:\/\/lekka-store.pl\/wp-content\/uploads\/2023\/01\/470.jpg","datePublished":"2023-01-25T15:01:24+00:00","breadcrumb":{"@id":"https:\/\/lekka-store.pl\/en\/produkt\/kolczyki-muszle-wiszace-duze-na-zamowienie\/#breadcrumb"},"inLanguage":"en-US","potentialAction":[{"@type":"ReadAction","target":["https:\/\/lekka-store.pl\/en\/produkt\/kolczyki-muszle-wiszace-duze-na-zamowienie\/"]}]},{"@type":"ImageObject","inLanguage":"en-US","@id":"https:\/\/lekka-store.pl\/en\/produkt\/kolczyki-muszle-wiszace-duze-na-zamowienie\/#primaryimage","url":"https:\/\/lekka-store.pl\/wp-content\/uploads\/2023\/01\/470.jpg","contentUrl":"https:\/\/lekka-store.pl\/wp-content\/uploads\/2023\/01\/470.jpg","width":1080,"height":1350},{"@type":"BreadcrumbList","@id":"https:\/\/lekka-store.pl\/en\/produkt\/kolczyki-muszle-wiszace-duze-na-zamowienie\/#breadcrumb","itemListElement":[{"@type":"ListItem","position":1,"name":"Strona g\u0142\u00f3wna","item":"https:\/\/lekka-store.pl\/en\/"},{"@type":"ListItem","position":2,"name":"Shop","item":"https:\/\/lekka-store.pl\/en\/shop\/"},{"@type":"ListItem","position":3,"name":"Kolczyki muszle, wisz\u0105ce, du\u017ce &#8211; na zam\u00f3wienie"}]},{"@type":"WebSite","@id":"https:\/\/lekka-store.pl\/en\/#website","url":"https:\/\/lekka-store.pl\/en\/","name":"Lekka - porcelanowa bi\u017cuteria i naczynia","description":"Porcelanowa bi\u017cuteria i naczynia","publisher":{"@id":"https:\/\/lekka-store.pl\/en\/#organization"},"potentialAction":[{"@type":"SearchAction","target":{"@type":"EntryPoint","urlTemplate":"https:\/\/lekka-store.pl\/en\/?s={search_term_string}"},"query-input":{"@type":"PropertyValueSpecification","valueRequired":true,"valueName":"search_term_string"}}],"inLanguage":"en-US"},{"@type":"Organization","@id":"https:\/\/lekka-store.pl\/en\/#organization","name":"Lekka - porcelanowa bi\u017cuteria i naczynia","url":"https:\/\/lekka-store.pl\/en\/","logo":{"@type":"ImageObject","inLanguage":"en-US","@id":"https:\/\/lekka-store.pl\/en\/#\/schema\/logo\/image\/","url":"https:\/\/lekka-store.pl\/wp-content\/uploads\/2020\/05\/Asset-17.png","contentUrl":"https:\/\/lekka-store.pl\/wp-content\/uploads\/2020\/05\/Asset-17.png","width":255,"height":100,"caption":"Lekka - porcelanowa bi\u017cuteria i naczynia"},"image":{"@id":"https:\/\/lekka-store.pl\/en\/#\/schema\/logo\/image\/"}}]}},"_links":{"self":[{"href":"https:\/\/lekka-store.pl\/en\/wp-json\/wp\/v2\/product\/8537","targetHints":{"allow":["GET"]}}],"collection":[{"href":"https:\/\/lekka-store.pl\/en\/wp-json\/wp\/v2\/product"}],"about":[{"href":"https:\/\/lekka-store.pl\/en\/wp-json\/wp\/v2\/types\/product"}],"wp:featuredmedia":[{"embeddable":true,"href":"https:\/\/lekka-store.pl\/en\/wp-json\/wp\/v2\/media\/8538"}],"wp:attachment":[{"href":"https:\/\/lekka-store.pl\/en\/wp-json\/wp\/v2\/media?parent=8537"}],"wp:term":[{"taxonomy":"product_brand","embeddable":true,"href":"https:\/\/lekka-store.pl\/en\/wp-json\/wp\/v2\/product_brand?post=8537"},{"taxonomy":"product_cat","embeddable":true,"href":"https:\/\/lekka-store.pl\/en\/wp-json\/wp\/v2\/product_cat?post=8537"},{"taxonomy":"product_tag","embeddable":true,"href":"https:\/\/lekka-store.pl\/en\/wp-json\/wp\/v2\/product_tag?post=8537"}],"curies":[{"name":"wp","href":"https:\/\/api.w.org\/{rel}","templated":true}]}}