{"id":8167,"date":"2023-08-30T10:28:03","date_gmt":"2023-08-30T08:28:03","guid":{"rendered":"https:\/\/lekka-store.pl\/produkt\/zawieszka-rybka-mala\/"},"modified":"2026-04-30T17:36:16","modified_gmt":"2026-04-30T15:36:16","slug":"zawieszka-rybka-mala","status":"publish","type":"product","link":"https:\/\/lekka-store.pl\/en\/produkt\/zawieszka-rybka-mala\/","title":{"rendered":"Zawieszka Rybka ma\u0142a"},"content":{"rendered":"<p><!--StartFragment--><!--StartFragment--><\/p>\n<p>Powsta\u0142a w praskiej pracowni ceramicznej &#8211; ka\u017cda wykonana jest r\u0119cznie, a p\u00f3\u017aniej wypalona trzykrotnie w piecu ceramicznym w maksymalnej temperaturze 1250 stopni.<\/p>\n<p>\u2022 Zawieszka pakowana jest pakowana jest w ozdobny kartonik \u2013 idealny na prezent.<br \/>\n\u2022 Ka\u017cda zawieszka jest wyj\u0105tkowa \u2013 wykonano je r\u0119cznie, dlatego mog\u0105 si\u0119 delikatnie od siebie r\u00f3\u017cni\u0107.<\/p>\n<p>Materia\u0142y:<\/p>\n<p>\u2022 najwy\u017cszej jako\u015bci angielska porcelana r\u0119cznie malowana b\u0142\u0119kitn\u0105 farbk\u0105<\/p>\n<p>\u2022 poz\u0142acana stal chirurgiczna<\/p>\n<p>Wymiary: d\u0142ugo\u015b\u0107 3 cm, szeroko\u015b\u0107 maksymalna 1.2 cm.<\/p>\n<p><!--EndFragment--><\/p>\n<p><!--EndFragment--><\/p>\n","protected":false},"excerpt":{"rendered":"<p>Ma\u0142a rybka, subtelna i pe\u0142na rado\u015bci.<br \/>\nNiech delikatnie p\u0142ywa n a Twojej szyi, szcz\u0119\u015bliwa jak w morzu. I oczywi\u015bcie przypomina o lecie i rado\u015bci.<\/p>\n","protected":false},"featured_media":8169,"template":"","meta":{"ocean_post_layout":"","ocean_both_sidebars_style":"","ocean_both_sidebars_content_width":0,"ocean_both_sidebars_sidebars_width":0,"ocean_sidebar":"0","ocean_second_sidebar":"0","ocean_disable_margins":"enable","ocean_add_body_class":"","ocean_shortcode_before_top_bar":"","ocean_shortcode_after_top_bar":"","ocean_shortcode_before_header":"","ocean_shortcode_after_header":"","ocean_has_shortcode":"","ocean_shortcode_after_title":"","ocean_shortcode_before_footer_widgets":"","ocean_shortcode_after_footer_widgets":"","ocean_shortcode_before_footer_bottom":"","ocean_shortcode_after_footer_bottom":"","ocean_display_top_bar":"default","ocean_display_header":"default","ocean_header_style":"","ocean_center_header_left_menu":"0","ocean_custom_header_template":"0","ocean_custom_logo":0,"ocean_custom_retina_logo":0,"ocean_custom_logo_max_width":0,"ocean_custom_logo_tablet_max_width":0,"ocean_custom_logo_mobile_max_width":0,"ocean_custom_logo_max_height":0,"ocean_custom_logo_tablet_max_height":0,"ocean_custom_logo_mobile_max_height":0,"ocean_header_custom_menu":"0","ocean_menu_typo_font_family":"0","ocean_menu_typo_font_subset":"","ocean_menu_typo_font_size":0,"ocean_menu_typo_font_size_tablet":0,"ocean_menu_typo_font_size_mobile":0,"ocean_menu_typo_font_size_unit":"px","ocean_menu_typo_font_weight":"","ocean_menu_typo_font_weight_tablet":"","ocean_menu_typo_font_weight_mobile":"","ocean_menu_typo_transform":"","ocean_menu_typo_transform_tablet":"","ocean_menu_typo_transform_mobile":"","ocean_menu_typo_line_height":0,"ocean_menu_typo_line_height_tablet":0,"ocean_menu_typo_line_height_mobile":0,"ocean_menu_typo_line_height_unit":"","ocean_menu_typo_spacing":0,"ocean_menu_typo_spacing_tablet":0,"ocean_menu_typo_spacing_mobile":0,"ocean_menu_typo_spacing_unit":"","ocean_menu_link_color":"","ocean_menu_link_color_hover":"","ocean_menu_link_color_active":"","ocean_menu_link_background":"","ocean_menu_link_hover_background":"","ocean_menu_link_active_background":"","ocean_menu_social_links_bg":"","ocean_menu_social_hover_links_bg":"","ocean_menu_social_links_color":"","ocean_menu_social_hover_links_color":"","ocean_disable_title":"default","ocean_disable_heading":"default","ocean_post_title":"","ocean_post_subheading":"","ocean_post_title_style":"","ocean_post_title_background_color":"","ocean_post_title_background":0,"ocean_post_title_bg_image_position":"","ocean_post_title_bg_image_attachment":"","ocean_post_title_bg_image_repeat":"","ocean_post_title_bg_image_size":"","ocean_post_title_height":0,"ocean_post_title_bg_overlay":0.5,"ocean_post_title_bg_overlay_color":"","ocean_disable_breadcrumbs":"default","ocean_breadcrumbs_color":"","ocean_breadcrumbs_separator_color":"","ocean_breadcrumbs_links_color":"","ocean_breadcrumbs_links_hover_color":"","ocean_display_footer_widgets":"default","ocean_display_footer_bottom":"default","ocean_custom_footer_template":"0"},"product_brand":[],"product_cat":[99,89,65,62,93,90],"product_tag":[],"class_list":{"0":"post-8167","1":"product","2":"type-product","3":"status-publish","4":"has-post-thumbnail","6":"product_cat-acquaria","7":"product_cat-wszystko","8":"product_cat-wszystkie-kolczyki","9":"product_cat-kolczyki-wiszace","10":"product_cat-bizuteria","11":"product_cat-zawieszki","12":"product_shipping_class-gabaryt-a","14":"entry","15":"has-media","17":"first","18":"instock","19":"shipping-taxable","20":"purchasable","21":"product-type-simple","22":"has-product-nav","23":"col","24":"span_1_of_3","25":"owp-content-center","26":"item-entry","27":"owp-thumbs-layout-horizontal","28":"owp-btn-normal","29":"owp-tabs-layout-section"},"yoast_head":"<!-- This site is optimized with the Yoast SEO plugin v27.5 - https:\/\/yoast.com\/product\/yoast-seo-wordpress\/ -->\n<title>Zawieszka Rybka ma\u0142a - Lekka - porcelanowa bi\u017cuteria i naczynia<\/title>\n<meta name=\"robots\" content=\"index, follow, max-snippet:-1, max-image-preview:large, max-video-preview:-1\" \/>\n<link rel=\"canonical\" href=\"https:\/\/lekka-store.pl\/en\/produkt\/zawieszka-rybka-mala\/\" \/>\n<meta property=\"og:locale\" content=\"en_US\" \/>\n<meta property=\"og:type\" content=\"article\" \/>\n<meta property=\"og:title\" content=\"Zawieszka Rybka ma\u0142a - Lekka - porcelanowa bi\u017cuteria i naczynia\" \/>\n<meta property=\"og:description\" content=\"Ma\u0142a rybka, subtelna i pe\u0142na rado\u015bci. Niech delikatnie p\u0142ywa n a Twojej szyi, szcz\u0119\u015bliwa jak w morzu. I oczywi\u015bcie przypomina o lecie i rado\u015bci.\" \/>\n<meta property=\"og:url\" content=\"https:\/\/lekka-store.pl\/en\/produkt\/zawieszka-rybka-mala\/\" \/>\n<meta property=\"og:site_name\" content=\"Lekka - porcelanowa bi\u017cuteria i naczynia\" \/>\n<meta property=\"article:modified_time\" content=\"2026-04-30T15:36:16+00:00\" \/>\n<meta property=\"og:image\" content=\"https:\/\/lekka-store.pl\/wp-content\/uploads\/2023\/08\/zawieszka-rybka-3.jpg\" \/>\n\t<meta property=\"og:image:width\" content=\"1000\" \/>\n\t<meta property=\"og:image:height\" content=\"1250\" \/>\n\t<meta property=\"og:image:type\" content=\"image\/jpeg\" \/>\n<meta name=\"twitter:card\" content=\"summary_large_image\" \/>\n<meta name=\"twitter:label1\" content=\"Est. reading time\" \/>\n\t<meta name=\"twitter:data1\" content=\"1 minute\" \/>\n<script type=\"application\/ld+json\" class=\"yoast-schema-graph\">{\"@context\":\"https:\\\/\\\/schema.org\",\"@graph\":[{\"@type\":\"WebPage\",\"@id\":\"https:\\\/\\\/lekka-store.pl\\\/en\\\/produkt\\\/zawieszka-rybka-mala\\\/\",\"url\":\"https:\\\/\\\/lekka-store.pl\\\/en\\\/produkt\\\/zawieszka-rybka-mala\\\/\",\"name\":\"Zawieszka Rybka ma\u0142a - Lekka - porcelanowa bi\u017cuteria i naczynia\",\"isPartOf\":{\"@id\":\"https:\\\/\\\/lekka-store.pl\\\/en\\\/#website\"},\"primaryImageOfPage\":{\"@id\":\"https:\\\/\\\/lekka-store.pl\\\/en\\\/produkt\\\/zawieszka-rybka-mala\\\/#primaryimage\"},\"image\":{\"@id\":\"https:\\\/\\\/lekka-store.pl\\\/en\\\/produkt\\\/zawieszka-rybka-mala\\\/#primaryimage\"},\"thumbnailUrl\":\"https:\\\/\\\/lekka-store.pl\\\/wp-content\\\/uploads\\\/2023\\\/08\\\/zawieszka-rybka-3.jpg\",\"datePublished\":\"2023-08-30T08:28:03+00:00\",\"dateModified\":\"2026-04-30T15:36:16+00:00\",\"breadcrumb\":{\"@id\":\"https:\\\/\\\/lekka-store.pl\\\/en\\\/produkt\\\/zawieszka-rybka-mala\\\/#breadcrumb\"},\"inLanguage\":\"en-US\",\"potentialAction\":[{\"@type\":\"ReadAction\",\"target\":[\"https:\\\/\\\/lekka-store.pl\\\/en\\\/produkt\\\/zawieszka-rybka-mala\\\/\"]}]},{\"@type\":\"ImageObject\",\"inLanguage\":\"en-US\",\"@id\":\"https:\\\/\\\/lekka-store.pl\\\/en\\\/produkt\\\/zawieszka-rybka-mala\\\/#primaryimage\",\"url\":\"https:\\\/\\\/lekka-store.pl\\\/wp-content\\\/uploads\\\/2023\\\/08\\\/zawieszka-rybka-3.jpg\",\"contentUrl\":\"https:\\\/\\\/lekka-store.pl\\\/wp-content\\\/uploads\\\/2023\\\/08\\\/zawieszka-rybka-3.jpg\",\"width\":1000,\"height\":1250},{\"@type\":\"BreadcrumbList\",\"@id\":\"https:\\\/\\\/lekka-store.pl\\\/en\\\/produkt\\\/zawieszka-rybka-mala\\\/#breadcrumb\",\"itemListElement\":[{\"@type\":\"ListItem\",\"position\":1,\"name\":\"Strona g\u0142\u00f3wna\",\"item\":\"https:\\\/\\\/lekka-store.pl\\\/en\\\/\"},{\"@type\":\"ListItem\",\"position\":2,\"name\":\"Shop\",\"item\":\"https:\\\/\\\/lekka-store.pl\\\/en\\\/shop\\\/\"},{\"@type\":\"ListItem\",\"position\":3,\"name\":\"Zawieszka Rybka ma\u0142a\"}]},{\"@type\":\"WebSite\",\"@id\":\"https:\\\/\\\/lekka-store.pl\\\/en\\\/#website\",\"url\":\"https:\\\/\\\/lekka-store.pl\\\/en\\\/\",\"name\":\"Lekka - porcelanowa bi\u017cuteria i naczynia\",\"description\":\"Porcelanowa bi\u017cuteria i naczynia\",\"publisher\":{\"@id\":\"https:\\\/\\\/lekka-store.pl\\\/en\\\/#organization\"},\"potentialAction\":[{\"@type\":\"SearchAction\",\"target\":{\"@type\":\"EntryPoint\",\"urlTemplate\":\"https:\\\/\\\/lekka-store.pl\\\/en\\\/?s={search_term_string}\"},\"query-input\":{\"@type\":\"PropertyValueSpecification\",\"valueRequired\":true,\"valueName\":\"search_term_string\"}}],\"inLanguage\":\"en-US\"},{\"@type\":\"Organization\",\"@id\":\"https:\\\/\\\/lekka-store.pl\\\/en\\\/#organization\",\"name\":\"Lekka - porcelanowa bi\u017cuteria i naczynia\",\"url\":\"https:\\\/\\\/lekka-store.pl\\\/en\\\/\",\"logo\":{\"@type\":\"ImageObject\",\"inLanguage\":\"en-US\",\"@id\":\"https:\\\/\\\/lekka-store.pl\\\/en\\\/#\\\/schema\\\/logo\\\/image\\\/\",\"url\":\"https:\\\/\\\/lekka-store.pl\\\/wp-content\\\/uploads\\\/2020\\\/05\\\/Asset-17.png\",\"contentUrl\":\"https:\\\/\\\/lekka-store.pl\\\/wp-content\\\/uploads\\\/2020\\\/05\\\/Asset-17.png\",\"width\":255,\"height\":100,\"caption\":\"Lekka - porcelanowa bi\u017cuteria i naczynia\"},\"image\":{\"@id\":\"https:\\\/\\\/lekka-store.pl\\\/en\\\/#\\\/schema\\\/logo\\\/image\\\/\"}}]}<\/script>\n<!-- \/ Yoast SEO plugin. -->","yoast_head_json":{"title":"Zawieszka Rybka ma\u0142a - Lekka - porcelanowa bi\u017cuteria i naczynia","robots":{"index":"index","follow":"follow","max-snippet":"max-snippet:-1","max-image-preview":"max-image-preview:large","max-video-preview":"max-video-preview:-1"},"canonical":"https:\/\/lekka-store.pl\/en\/produkt\/zawieszka-rybka-mala\/","og_locale":"en_US","og_type":"article","og_title":"Zawieszka Rybka ma\u0142a - Lekka - porcelanowa bi\u017cuteria i naczynia","og_description":"Ma\u0142a rybka, subtelna i pe\u0142na rado\u015bci. Niech delikatnie p\u0142ywa n a Twojej szyi, szcz\u0119\u015bliwa jak w morzu. I oczywi\u015bcie przypomina o lecie i rado\u015bci.","og_url":"https:\/\/lekka-store.pl\/en\/produkt\/zawieszka-rybka-mala\/","og_site_name":"Lekka - porcelanowa bi\u017cuteria i naczynia","article_modified_time":"2026-04-30T15:36:16+00:00","og_image":[{"width":1000,"height":1250,"url":"https:\/\/lekka-store.pl\/wp-content\/uploads\/2023\/08\/zawieszka-rybka-3.jpg","type":"image\/jpeg"}],"twitter_card":"summary_large_image","twitter_misc":{"Est. reading time":"1 minute"},"schema":{"@context":"https:\/\/schema.org","@graph":[{"@type":"WebPage","@id":"https:\/\/lekka-store.pl\/en\/produkt\/zawieszka-rybka-mala\/","url":"https:\/\/lekka-store.pl\/en\/produkt\/zawieszka-rybka-mala\/","name":"Zawieszka Rybka ma\u0142a - Lekka - porcelanowa bi\u017cuteria i naczynia","isPartOf":{"@id":"https:\/\/lekka-store.pl\/en\/#website"},"primaryImageOfPage":{"@id":"https:\/\/lekka-store.pl\/en\/produkt\/zawieszka-rybka-mala\/#primaryimage"},"image":{"@id":"https:\/\/lekka-store.pl\/en\/produkt\/zawieszka-rybka-mala\/#primaryimage"},"thumbnailUrl":"https:\/\/lekka-store.pl\/wp-content\/uploads\/2023\/08\/zawieszka-rybka-3.jpg","datePublished":"2023-08-30T08:28:03+00:00","dateModified":"2026-04-30T15:36:16+00:00","breadcrumb":{"@id":"https:\/\/lekka-store.pl\/en\/produkt\/zawieszka-rybka-mala\/#breadcrumb"},"inLanguage":"en-US","potentialAction":[{"@type":"ReadAction","target":["https:\/\/lekka-store.pl\/en\/produkt\/zawieszka-rybka-mala\/"]}]},{"@type":"ImageObject","inLanguage":"en-US","@id":"https:\/\/lekka-store.pl\/en\/produkt\/zawieszka-rybka-mala\/#primaryimage","url":"https:\/\/lekka-store.pl\/wp-content\/uploads\/2023\/08\/zawieszka-rybka-3.jpg","contentUrl":"https:\/\/lekka-store.pl\/wp-content\/uploads\/2023\/08\/zawieszka-rybka-3.jpg","width":1000,"height":1250},{"@type":"BreadcrumbList","@id":"https:\/\/lekka-store.pl\/en\/produkt\/zawieszka-rybka-mala\/#breadcrumb","itemListElement":[{"@type":"ListItem","position":1,"name":"Strona g\u0142\u00f3wna","item":"https:\/\/lekka-store.pl\/en\/"},{"@type":"ListItem","position":2,"name":"Shop","item":"https:\/\/lekka-store.pl\/en\/shop\/"},{"@type":"ListItem","position":3,"name":"Zawieszka Rybka ma\u0142a"}]},{"@type":"WebSite","@id":"https:\/\/lekka-store.pl\/en\/#website","url":"https:\/\/lekka-store.pl\/en\/","name":"Lekka - porcelanowa bi\u017cuteria i naczynia","description":"Porcelanowa bi\u017cuteria i naczynia","publisher":{"@id":"https:\/\/lekka-store.pl\/en\/#organization"},"potentialAction":[{"@type":"SearchAction","target":{"@type":"EntryPoint","urlTemplate":"https:\/\/lekka-store.pl\/en\/?s={search_term_string}"},"query-input":{"@type":"PropertyValueSpecification","valueRequired":true,"valueName":"search_term_string"}}],"inLanguage":"en-US"},{"@type":"Organization","@id":"https:\/\/lekka-store.pl\/en\/#organization","name":"Lekka - porcelanowa bi\u017cuteria i naczynia","url":"https:\/\/lekka-store.pl\/en\/","logo":{"@type":"ImageObject","inLanguage":"en-US","@id":"https:\/\/lekka-store.pl\/en\/#\/schema\/logo\/image\/","url":"https:\/\/lekka-store.pl\/wp-content\/uploads\/2020\/05\/Asset-17.png","contentUrl":"https:\/\/lekka-store.pl\/wp-content\/uploads\/2020\/05\/Asset-17.png","width":255,"height":100,"caption":"Lekka - porcelanowa bi\u017cuteria i naczynia"},"image":{"@id":"https:\/\/lekka-store.pl\/en\/#\/schema\/logo\/image\/"}}]}},"_links":{"self":[{"href":"https:\/\/lekka-store.pl\/en\/wp-json\/wp\/v2\/product\/8167","targetHints":{"allow":["GET"]}}],"collection":[{"href":"https:\/\/lekka-store.pl\/en\/wp-json\/wp\/v2\/product"}],"about":[{"href":"https:\/\/lekka-store.pl\/en\/wp-json\/wp\/v2\/types\/product"}],"wp:featuredmedia":[{"embeddable":true,"href":"https:\/\/lekka-store.pl\/en\/wp-json\/wp\/v2\/media\/8169"}],"wp:attachment":[{"href":"https:\/\/lekka-store.pl\/en\/wp-json\/wp\/v2\/media?parent=8167"}],"wp:term":[{"taxonomy":"product_brand","embeddable":true,"href":"https:\/\/lekka-store.pl\/en\/wp-json\/wp\/v2\/product_brand?post=8167"},{"taxonomy":"product_cat","embeddable":true,"href":"https:\/\/lekka-store.pl\/en\/wp-json\/wp\/v2\/product_cat?post=8167"},{"taxonomy":"product_tag","embeddable":true,"href":"https:\/\/lekka-store.pl\/en\/wp-json\/wp\/v2\/product_tag?post=8167"}],"curies":[{"name":"wp","href":"https:\/\/api.w.org\/{rel}","templated":true}]}}