{"id":8079,"date":"2024-06-12T14:54:56","date_gmt":"2024-06-12T12:54:56","guid":{"rendered":"https:\/\/lekka-store.pl\/produkt\/zawieszka-nautilus-rozne-kolory\/"},"modified":"2024-06-12T14:54:56","modified_gmt":"2024-06-12T12:54:56","slug":"zawieszka-nautilus-rozne-kolory","status":"publish","type":"product","link":"https:\/\/lekka-store.pl\/en\/produkt\/zawieszka-nautilus-rozne-kolory\/","title":{"rendered":"Zawieszka nautilus &#8211; r\u00f3\u017cne kolory"},"content":{"rendered":"<p>Zawieszka w kszta\u0142cie muszli r\u0119cznie wykonana z porcelany w pracowni na warszawskiej Pradze. Uformowana, wyszlifowana i szkliwiona z najwi\u0119ksz\u0105 staranno\u015bci\u0105 i czu\u0142o\u015bci\u0105. Wypalona trzykrotnie w piecu ceramicznym w maksymalnej temperaturze 1250 stopni.<\/p>\n<p>\u2022 Zawieszka pakowana jest w ozdobny kartonik &#8211; idealny na prezent!<\/p>\n<p>\u2022 Ka\u017cda zawieszka jest wyj\u0105tkowa \u2013 wykonano j\u0105 r\u0119cznie, dlatego mog\u0105 si\u0119 delikatnie od siebie r\u00f3\u017cni\u0107.<\/p>\n<p>Wymiary: samej muszli: 1.9 x 1.2 cm<\/p>\n<p>Materia\u0142y:<\/p>\n<p>\u2022 najwy\u017cszej jako\u015bci angielska porcelana.<\/p>\n<p>\u2022 mocowanie \u2013 poz\u0142acana stal chriurgiczna (antyalergiczna)<\/p>\n<p>\u2022 zawieszka NIE JEST w zestawie z \u0142a\u0144cuszkiem<\/p>\n<p>&nbsp;<\/p>\n","protected":false},"excerpt":{"rendered":"<p>Zawieszka muszelka jest jak wspomnienie o tych wszystkich kamyczkach, szkie\u0142kach i muszlach, kt\u00f3re od dziecka zbiera\u0142a\u015b na pla\u017cy. Idealna do codziennych, letnich (i nie tylko!) stylizacji. Dodaje uroku i u\u015bmiechu.<\/p>\n<p>UWAGA: nie wszystkie warianty maj\u0105 zdj\u0119cie &#8211; \u017ceby mo\u017cna by\u0142o zobaczy\u0107 kolor, doda\u0142am zdj\u0119cie kolczyk\u00f3w o tej samej barwie!<\/p>\n","protected":false},"featured_media":8081,"template":"","meta":{"ocean_post_layout":"","ocean_both_sidebars_style":"","ocean_both_sidebars_content_width":0,"ocean_both_sidebars_sidebars_width":0,"ocean_sidebar":"0","ocean_second_sidebar":"0","ocean_disable_margins":"enable","ocean_add_body_class":"","ocean_shortcode_before_top_bar":"","ocean_shortcode_after_top_bar":"","ocean_shortcode_before_header":"","ocean_shortcode_after_header":"","ocean_has_shortcode":"","ocean_shortcode_after_title":"","ocean_shortcode_before_footer_widgets":"","ocean_shortcode_after_footer_widgets":"","ocean_shortcode_before_footer_bottom":"","ocean_shortcode_after_footer_bottom":"","ocean_display_top_bar":"default","ocean_display_header":"default","ocean_header_style":"","ocean_center_header_left_menu":"0","ocean_custom_header_template":"0","ocean_custom_logo":0,"ocean_custom_retina_logo":0,"ocean_custom_logo_max_width":0,"ocean_custom_logo_tablet_max_width":0,"ocean_custom_logo_mobile_max_width":0,"ocean_custom_logo_max_height":0,"ocean_custom_logo_tablet_max_height":0,"ocean_custom_logo_mobile_max_height":0,"ocean_header_custom_menu":"0","ocean_menu_typo_font_family":"0","ocean_menu_typo_font_subset":"","ocean_menu_typo_font_size":0,"ocean_menu_typo_font_size_tablet":0,"ocean_menu_typo_font_size_mobile":0,"ocean_menu_typo_font_size_unit":"px","ocean_menu_typo_font_weight":"","ocean_menu_typo_font_weight_tablet":"","ocean_menu_typo_font_weight_mobile":"","ocean_menu_typo_transform":"","ocean_menu_typo_transform_tablet":"","ocean_menu_typo_transform_mobile":"","ocean_menu_typo_line_height":0,"ocean_menu_typo_line_height_tablet":0,"ocean_menu_typo_line_height_mobile":0,"ocean_menu_typo_line_height_unit":"","ocean_menu_typo_spacing":0,"ocean_menu_typo_spacing_tablet":0,"ocean_menu_typo_spacing_mobile":0,"ocean_menu_typo_spacing_unit":"","ocean_menu_link_color":"","ocean_menu_link_color_hover":"","ocean_menu_link_color_active":"","ocean_menu_link_background":"","ocean_menu_link_hover_background":"","ocean_menu_link_active_background":"","ocean_menu_social_links_bg":"","ocean_menu_social_hover_links_bg":"","ocean_menu_social_links_color":"","ocean_menu_social_hover_links_color":"","ocean_disable_title":"default","ocean_disable_heading":"default","ocean_post_title":"","ocean_post_subheading":"","ocean_post_title_style":"","ocean_post_title_background_color":"","ocean_post_title_background":0,"ocean_post_title_bg_image_position":"","ocean_post_title_bg_image_attachment":"","ocean_post_title_bg_image_repeat":"","ocean_post_title_bg_image_size":"","ocean_post_title_height":0,"ocean_post_title_bg_overlay":0.5,"ocean_post_title_bg_overlay_color":"","ocean_disable_breadcrumbs":"default","ocean_breadcrumbs_color":"","ocean_breadcrumbs_separator_color":"","ocean_breadcrumbs_links_color":"","ocean_breadcrumbs_links_hover_color":"","ocean_display_footer_widgets":"default","ocean_display_footer_bottom":"default","ocean_custom_footer_template":"0"},"product_brand":[],"product_cat":[125],"product_tag":[],"class_list":{"0":"post-8079","1":"product","2":"type-product","3":"status-publish","4":"has-post-thumbnail","6":"product_cat-szum-seashells","8":"entry","9":"has-media","11":"first","12":"outofstock","13":"shipping-taxable","14":"purchasable","15":"product-type-variable","16":"has-product-nav","17":"col","18":"span_1_of_3","19":"owp-content-center","20":"item-entry","21":"owp-thumbs-layout-horizontal","22":"owp-btn-normal","23":"owp-tabs-layout-section"},"yoast_head":"<!-- This site is optimized with the Yoast SEO plugin v27.5 - https:\/\/yoast.com\/product\/yoast-seo-wordpress\/ -->\n<title>Zawieszka nautilus - r\u00f3\u017cne kolory - Lekka - porcelanowa bi\u017cuteria i naczynia<\/title>\n<meta name=\"robots\" content=\"index, follow, max-snippet:-1, max-image-preview:large, max-video-preview:-1\" \/>\n<link rel=\"canonical\" href=\"https:\/\/lekka-store.pl\/en\/produkt\/zawieszka-nautilus-rozne-kolory\/\" \/>\n<meta property=\"og:locale\" content=\"en_US\" \/>\n<meta property=\"og:type\" content=\"article\" \/>\n<meta property=\"og:title\" content=\"Zawieszka nautilus - r\u00f3\u017cne kolory - Lekka - porcelanowa bi\u017cuteria i naczynia\" \/>\n<meta property=\"og:description\" content=\"Zawieszka muszelka jest jak wspomnienie o tych wszystkich kamyczkach, szkie\u0142kach i muszlach, kt\u00f3re od dziecka zbiera\u0142a\u015b na pla\u017cy. Idealna do codziennych, letnich (i nie tylko!) stylizacji. Dodaje uroku i u\u015bmiechu.  UWAGA: nie wszystkie warianty maj\u0105 zdj\u0119cie - \u017ceby mo\u017cna by\u0142o zobaczy\u0107 kolor, doda\u0142am zdj\u0119cie kolczyk\u00f3w o tej samej barwie!\" \/>\n<meta property=\"og:url\" content=\"https:\/\/lekka-store.pl\/en\/produkt\/zawieszka-nautilus-rozne-kolory\/\" \/>\n<meta property=\"og:site_name\" content=\"Lekka - porcelanowa bi\u017cuteria i naczynia\" \/>\n<meta name=\"twitter:card\" content=\"summary_large_image\" \/>\n<script type=\"application\/ld+json\" class=\"yoast-schema-graph\">{\"@context\":\"https:\\\/\\\/schema.org\",\"@graph\":[{\"@type\":\"WebPage\",\"@id\":\"https:\\\/\\\/lekka-store.pl\\\/en\\\/produkt\\\/zawieszka-nautilus-rozne-kolory\\\/\",\"url\":\"https:\\\/\\\/lekka-store.pl\\\/en\\\/produkt\\\/zawieszka-nautilus-rozne-kolory\\\/\",\"name\":\"Zawieszka nautilus - r\u00f3\u017cne kolory - Lekka - porcelanowa bi\u017cuteria i naczynia\",\"isPartOf\":{\"@id\":\"https:\\\/\\\/lekka-store.pl\\\/en\\\/#website\"},\"primaryImageOfPage\":{\"@id\":\"https:\\\/\\\/lekka-store.pl\\\/en\\\/produkt\\\/zawieszka-nautilus-rozne-kolory\\\/#primaryimage\"},\"image\":{\"@id\":\"https:\\\/\\\/lekka-store.pl\\\/en\\\/produkt\\\/zawieszka-nautilus-rozne-kolory\\\/#primaryimage\"},\"thumbnailUrl\":\"https:\\\/\\\/lekka-store.pl\\\/wp-content\\\/uploads\\\/2024\\\/06\\\/zawieszka-nautilus-3.jpg\",\"datePublished\":\"2024-06-12T12:54:56+00:00\",\"breadcrumb\":{\"@id\":\"https:\\\/\\\/lekka-store.pl\\\/en\\\/produkt\\\/zawieszka-nautilus-rozne-kolory\\\/#breadcrumb\"},\"inLanguage\":\"en-US\",\"potentialAction\":[{\"@type\":\"ReadAction\",\"target\":[\"https:\\\/\\\/lekka-store.pl\\\/en\\\/produkt\\\/zawieszka-nautilus-rozne-kolory\\\/\"]}]},{\"@type\":\"ImageObject\",\"inLanguage\":\"en-US\",\"@id\":\"https:\\\/\\\/lekka-store.pl\\\/en\\\/produkt\\\/zawieszka-nautilus-rozne-kolory\\\/#primaryimage\",\"url\":\"https:\\\/\\\/lekka-store.pl\\\/wp-content\\\/uploads\\\/2024\\\/06\\\/zawieszka-nautilus-3.jpg\",\"contentUrl\":\"https:\\\/\\\/lekka-store.pl\\\/wp-content\\\/uploads\\\/2024\\\/06\\\/zawieszka-nautilus-3.jpg\",\"width\":1600,\"height\":2000},{\"@type\":\"BreadcrumbList\",\"@id\":\"https:\\\/\\\/lekka-store.pl\\\/en\\\/produkt\\\/zawieszka-nautilus-rozne-kolory\\\/#breadcrumb\",\"itemListElement\":[{\"@type\":\"ListItem\",\"position\":1,\"name\":\"Strona g\u0142\u00f3wna\",\"item\":\"https:\\\/\\\/lekka-store.pl\\\/en\\\/\"},{\"@type\":\"ListItem\",\"position\":2,\"name\":\"Shop\",\"item\":\"https:\\\/\\\/lekka-store.pl\\\/en\\\/shop\\\/\"},{\"@type\":\"ListItem\",\"position\":3,\"name\":\"Zawieszka nautilus &#8211; r\u00f3\u017cne kolory\"}]},{\"@type\":\"WebSite\",\"@id\":\"https:\\\/\\\/lekka-store.pl\\\/en\\\/#website\",\"url\":\"https:\\\/\\\/lekka-store.pl\\\/en\\\/\",\"name\":\"Lekka - porcelanowa bi\u017cuteria i naczynia\",\"description\":\"Porcelanowa bi\u017cuteria i naczynia\",\"publisher\":{\"@id\":\"https:\\\/\\\/lekka-store.pl\\\/en\\\/#organization\"},\"potentialAction\":[{\"@type\":\"SearchAction\",\"target\":{\"@type\":\"EntryPoint\",\"urlTemplate\":\"https:\\\/\\\/lekka-store.pl\\\/en\\\/?s={search_term_string}\"},\"query-input\":{\"@type\":\"PropertyValueSpecification\",\"valueRequired\":true,\"valueName\":\"search_term_string\"}}],\"inLanguage\":\"en-US\"},{\"@type\":\"Organization\",\"@id\":\"https:\\\/\\\/lekka-store.pl\\\/en\\\/#organization\",\"name\":\"Lekka - porcelanowa bi\u017cuteria i naczynia\",\"url\":\"https:\\\/\\\/lekka-store.pl\\\/en\\\/\",\"logo\":{\"@type\":\"ImageObject\",\"inLanguage\":\"en-US\",\"@id\":\"https:\\\/\\\/lekka-store.pl\\\/en\\\/#\\\/schema\\\/logo\\\/image\\\/\",\"url\":\"https:\\\/\\\/lekka-store.pl\\\/wp-content\\\/uploads\\\/2020\\\/05\\\/Asset-17.png\",\"contentUrl\":\"https:\\\/\\\/lekka-store.pl\\\/wp-content\\\/uploads\\\/2020\\\/05\\\/Asset-17.png\",\"width\":255,\"height\":100,\"caption\":\"Lekka - porcelanowa bi\u017cuteria i naczynia\"},\"image\":{\"@id\":\"https:\\\/\\\/lekka-store.pl\\\/en\\\/#\\\/schema\\\/logo\\\/image\\\/\"}}]}<\/script>\n<!-- \/ Yoast SEO plugin. -->","yoast_head_json":{"title":"Zawieszka nautilus - r\u00f3\u017cne kolory - Lekka - porcelanowa bi\u017cuteria i naczynia","robots":{"index":"index","follow":"follow","max-snippet":"max-snippet:-1","max-image-preview":"max-image-preview:large","max-video-preview":"max-video-preview:-1"},"canonical":"https:\/\/lekka-store.pl\/en\/produkt\/zawieszka-nautilus-rozne-kolory\/","og_locale":"en_US","og_type":"article","og_title":"Zawieszka nautilus - r\u00f3\u017cne kolory - Lekka - porcelanowa bi\u017cuteria i naczynia","og_description":"Zawieszka muszelka jest jak wspomnienie o tych wszystkich kamyczkach, szkie\u0142kach i muszlach, kt\u00f3re od dziecka zbiera\u0142a\u015b na pla\u017cy. Idealna do codziennych, letnich (i nie tylko!) stylizacji. Dodaje uroku i u\u015bmiechu.  UWAGA: nie wszystkie warianty maj\u0105 zdj\u0119cie - \u017ceby mo\u017cna by\u0142o zobaczy\u0107 kolor, doda\u0142am zdj\u0119cie kolczyk\u00f3w o tej samej barwie!","og_url":"https:\/\/lekka-store.pl\/en\/produkt\/zawieszka-nautilus-rozne-kolory\/","og_site_name":"Lekka - porcelanowa bi\u017cuteria i naczynia","twitter_card":"summary_large_image","schema":{"@context":"https:\/\/schema.org","@graph":[{"@type":"WebPage","@id":"https:\/\/lekka-store.pl\/en\/produkt\/zawieszka-nautilus-rozne-kolory\/","url":"https:\/\/lekka-store.pl\/en\/produkt\/zawieszka-nautilus-rozne-kolory\/","name":"Zawieszka nautilus - r\u00f3\u017cne kolory - Lekka - porcelanowa bi\u017cuteria i naczynia","isPartOf":{"@id":"https:\/\/lekka-store.pl\/en\/#website"},"primaryImageOfPage":{"@id":"https:\/\/lekka-store.pl\/en\/produkt\/zawieszka-nautilus-rozne-kolory\/#primaryimage"},"image":{"@id":"https:\/\/lekka-store.pl\/en\/produkt\/zawieszka-nautilus-rozne-kolory\/#primaryimage"},"thumbnailUrl":"https:\/\/lekka-store.pl\/wp-content\/uploads\/2024\/06\/zawieszka-nautilus-3.jpg","datePublished":"2024-06-12T12:54:56+00:00","breadcrumb":{"@id":"https:\/\/lekka-store.pl\/en\/produkt\/zawieszka-nautilus-rozne-kolory\/#breadcrumb"},"inLanguage":"en-US","potentialAction":[{"@type":"ReadAction","target":["https:\/\/lekka-store.pl\/en\/produkt\/zawieszka-nautilus-rozne-kolory\/"]}]},{"@type":"ImageObject","inLanguage":"en-US","@id":"https:\/\/lekka-store.pl\/en\/produkt\/zawieszka-nautilus-rozne-kolory\/#primaryimage","url":"https:\/\/lekka-store.pl\/wp-content\/uploads\/2024\/06\/zawieszka-nautilus-3.jpg","contentUrl":"https:\/\/lekka-store.pl\/wp-content\/uploads\/2024\/06\/zawieszka-nautilus-3.jpg","width":1600,"height":2000},{"@type":"BreadcrumbList","@id":"https:\/\/lekka-store.pl\/en\/produkt\/zawieszka-nautilus-rozne-kolory\/#breadcrumb","itemListElement":[{"@type":"ListItem","position":1,"name":"Strona g\u0142\u00f3wna","item":"https:\/\/lekka-store.pl\/en\/"},{"@type":"ListItem","position":2,"name":"Shop","item":"https:\/\/lekka-store.pl\/en\/shop\/"},{"@type":"ListItem","position":3,"name":"Zawieszka nautilus &#8211; r\u00f3\u017cne kolory"}]},{"@type":"WebSite","@id":"https:\/\/lekka-store.pl\/en\/#website","url":"https:\/\/lekka-store.pl\/en\/","name":"Lekka - porcelanowa bi\u017cuteria i naczynia","description":"Porcelanowa bi\u017cuteria i naczynia","publisher":{"@id":"https:\/\/lekka-store.pl\/en\/#organization"},"potentialAction":[{"@type":"SearchAction","target":{"@type":"EntryPoint","urlTemplate":"https:\/\/lekka-store.pl\/en\/?s={search_term_string}"},"query-input":{"@type":"PropertyValueSpecification","valueRequired":true,"valueName":"search_term_string"}}],"inLanguage":"en-US"},{"@type":"Organization","@id":"https:\/\/lekka-store.pl\/en\/#organization","name":"Lekka - porcelanowa bi\u017cuteria i naczynia","url":"https:\/\/lekka-store.pl\/en\/","logo":{"@type":"ImageObject","inLanguage":"en-US","@id":"https:\/\/lekka-store.pl\/en\/#\/schema\/logo\/image\/","url":"https:\/\/lekka-store.pl\/wp-content\/uploads\/2020\/05\/Asset-17.png","contentUrl":"https:\/\/lekka-store.pl\/wp-content\/uploads\/2020\/05\/Asset-17.png","width":255,"height":100,"caption":"Lekka - porcelanowa bi\u017cuteria i naczynia"},"image":{"@id":"https:\/\/lekka-store.pl\/en\/#\/schema\/logo\/image\/"}}]}},"_links":{"self":[{"href":"https:\/\/lekka-store.pl\/en\/wp-json\/wp\/v2\/product\/8079","targetHints":{"allow":["GET"]}}],"collection":[{"href":"https:\/\/lekka-store.pl\/en\/wp-json\/wp\/v2\/product"}],"about":[{"href":"https:\/\/lekka-store.pl\/en\/wp-json\/wp\/v2\/types\/product"}],"wp:featuredmedia":[{"embeddable":true,"href":"https:\/\/lekka-store.pl\/en\/wp-json\/wp\/v2\/media\/8081"}],"wp:attachment":[{"href":"https:\/\/lekka-store.pl\/en\/wp-json\/wp\/v2\/media?parent=8079"}],"wp:term":[{"taxonomy":"product_brand","embeddable":true,"href":"https:\/\/lekka-store.pl\/en\/wp-json\/wp\/v2\/product_brand?post=8079"},{"taxonomy":"product_cat","embeddable":true,"href":"https:\/\/lekka-store.pl\/en\/wp-json\/wp\/v2\/product_cat?post=8079"},{"taxonomy":"product_tag","embeddable":true,"href":"https:\/\/lekka-store.pl\/en\/wp-json\/wp\/v2\/product_tag?post=8079"}],"curies":[{"name":"wp","href":"https:\/\/api.w.org\/{rel}","templated":true}]}}