{"id":7909,"date":"2025-03-10T14:23:18","date_gmt":"2025-03-10T13:23:18","guid":{"rendered":"https:\/\/lekka-store.pl\/produkt\/zawieszka-karpik-koi-malowana-w-plamki\/"},"modified":"2026-04-10T13:34:24","modified_gmt":"2026-04-10T11:34:24","slug":"zawieszka-karpik-koi-malowana-w-plamki","status":"publish","type":"product","link":"https:\/\/lekka-store.pl\/en\/produkt\/zawieszka-karpik-koi-malowana-w-plamki\/","title":{"rendered":"Zawieszka karpik koi, malowana w plamki"},"content":{"rendered":"<p><!--StartFragment--><!--StartFragment--><\/p>\n<p>Powsta\u0142a w praskiej pracowni ceramicznej \u2013 ka\u017cd\u0105 projektuj\u0119 i wykonuj\u0119 r\u0119cznie. Najpierw powstaj\u0105 wst\u0119pne szkice na papierze, z kt\u00f3rych p\u00f3\u017aniej rze\u017abi\u0119 gotowe modele. Z ka\u017cdego z nich odlewam formy gipsowe \u2013 w kt\u00f3rych powstaj\u0105 p\u00f3\u017aniej gotowe, porcelanowe elementy. Ka\u017cdy z nich r\u0119cznie retuszuj\u0119, maluj\u0119 i szkliwi\u0119, a p\u00f3\u017aniej wypalam dwukrotnie w piecu ceramicznym w maksymalnej temperaturze 1250 stopni. Tak stworzona zawieszka, po z\u0142o\u017ceniu i zapakowaniu \u2013 tak\u017ce moimi r\u0119kami \u2013 trafi do Ciebie!<\/p>\n<p>Materia\u0142y i wymiary:<\/p>\n<p>\u2022 najwy\u017cszej jako\u015bci porcelana, r\u0119cznie malowana i z\u0142ocona.<\/p>\n<p>\u2022 stal chirurgiczna poz\u0142acana<\/p>\n<p><!--EndFragment-->Wymiary:<\/p>\n<p><!--EndFragment--><\/p>\n","protected":false},"excerpt":{"rendered":"<p>Porcelanowy karpik koi w formie zawieszki.<\/p>\n<p>W tej kolekcji znajdziesz je tak\u017ce w wersji bia\u0142ej, a tak\u017ce jako kolczyki wisz\u0105ce i sztyfty.<\/p>\n<p>UWAGA! Kupujesz moj\u0105 bi\u017cuteri\u0119 z kolekcji SZUM 2.0 w trybie PREORDERU. To znaczy, \u017ce b\u0119d\u0119 je tworzy\u0107 ju\u017c po jego zamkni\u0119ciu &#8211; 17.03, a paczki z gotow\u0105 bi\u017cuteri\u0105 wy\u015bl\u0119 najp\u00f3\u017aniej 28.03. Dzi\u0119kuj\u0119 Ci za cierpliwo\u015b\u0107 &#8211; dzi\u0119ki tej formie wiem ile jakiego modelu mam stworzy\u0107, mog\u0119 ich wi\u0119c zaproponowa\u0107 wi\u0119cej, a w ramach podzi\u0119kowania &#8211; oferuj\u0119 ni\u017csz\u0105 cen\u0119.<\/p>\n","protected":false},"featured_media":7910,"template":"","meta":{"ocean_post_layout":"","ocean_both_sidebars_style":"","ocean_both_sidebars_content_width":0,"ocean_both_sidebars_sidebars_width":0,"ocean_sidebar":"0","ocean_second_sidebar":"0","ocean_disable_margins":"enable","ocean_add_body_class":"","ocean_shortcode_before_top_bar":"","ocean_shortcode_after_top_bar":"","ocean_shortcode_before_header":"","ocean_shortcode_after_header":"","ocean_has_shortcode":"","ocean_shortcode_after_title":"","ocean_shortcode_before_footer_widgets":"","ocean_shortcode_after_footer_widgets":"","ocean_shortcode_before_footer_bottom":"","ocean_shortcode_after_footer_bottom":"","ocean_display_top_bar":"default","ocean_display_header":"default","ocean_header_style":"","ocean_center_header_left_menu":"0","ocean_custom_header_template":"0","ocean_custom_logo":0,"ocean_custom_retina_logo":0,"ocean_custom_logo_max_width":0,"ocean_custom_logo_tablet_max_width":0,"ocean_custom_logo_mobile_max_width":0,"ocean_custom_logo_max_height":0,"ocean_custom_logo_tablet_max_height":0,"ocean_custom_logo_mobile_max_height":0,"ocean_header_custom_menu":"0","ocean_menu_typo_font_family":"0","ocean_menu_typo_font_subset":"","ocean_menu_typo_font_size":0,"ocean_menu_typo_font_size_tablet":0,"ocean_menu_typo_font_size_mobile":0,"ocean_menu_typo_font_size_unit":"px","ocean_menu_typo_font_weight":"","ocean_menu_typo_font_weight_tablet":"","ocean_menu_typo_font_weight_mobile":"","ocean_menu_typo_transform":"","ocean_menu_typo_transform_tablet":"","ocean_menu_typo_transform_mobile":"","ocean_menu_typo_line_height":0,"ocean_menu_typo_line_height_tablet":0,"ocean_menu_typo_line_height_mobile":0,"ocean_menu_typo_line_height_unit":"","ocean_menu_typo_spacing":0,"ocean_menu_typo_spacing_tablet":0,"ocean_menu_typo_spacing_mobile":0,"ocean_menu_typo_spacing_unit":"","ocean_menu_link_color":"","ocean_menu_link_color_hover":"","ocean_menu_link_color_active":"","ocean_menu_link_background":"","ocean_menu_link_hover_background":"","ocean_menu_link_active_background":"","ocean_menu_social_links_bg":"","ocean_menu_social_hover_links_bg":"","ocean_menu_social_links_color":"","ocean_menu_social_hover_links_color":"","ocean_disable_title":"default","ocean_disable_heading":"default","ocean_post_title":"","ocean_post_subheading":"","ocean_post_title_style":"","ocean_post_title_background_color":"","ocean_post_title_background":0,"ocean_post_title_bg_image_position":"","ocean_post_title_bg_image_attachment":"","ocean_post_title_bg_image_repeat":"","ocean_post_title_bg_image_size":"","ocean_post_title_height":0,"ocean_post_title_bg_overlay":0.5,"ocean_post_title_bg_overlay_color":"","ocean_disable_breadcrumbs":"default","ocean_breadcrumbs_color":"","ocean_breadcrumbs_separator_color":"","ocean_breadcrumbs_links_color":"","ocean_breadcrumbs_links_hover_color":"","ocean_display_footer_widgets":"default","ocean_display_footer_bottom":"default","ocean_custom_footer_template":"0"},"product_brand":[],"product_cat":[110,131,126],"product_tag":[],"class_list":{"0":"post-7909","1":"product","2":"type-product","3":"status-publish","4":"has-post-thumbnail","6":"product_cat-all","7":"product_cat-jewellery","8":"product_cat-szum-2-0","9":"product_shipping_class-gabaryt-a","11":"entry","12":"has-media","14":"first","15":"instock","16":"shipping-taxable","17":"purchasable","18":"product-type-simple","19":"has-product-nav","20":"col","21":"span_1_of_3","22":"owp-content-center","23":"item-entry","24":"owp-thumbs-layout-horizontal","25":"owp-btn-normal","26":"owp-tabs-layout-section"},"yoast_head":"<!-- This site is optimized with the Yoast SEO plugin v27.5 - https:\/\/yoast.com\/product\/yoast-seo-wordpress\/ -->\n<title>Zawieszka karpik koi, malowana w plamki - Lekka - porcelanowa bi\u017cuteria i naczynia<\/title>\n<meta name=\"robots\" content=\"index, follow, max-snippet:-1, max-image-preview:large, max-video-preview:-1\" \/>\n<link rel=\"canonical\" href=\"https:\/\/lekka-store.pl\/en\/produkt\/zawieszka-karpik-koi-malowana-w-plamki\/\" \/>\n<meta property=\"og:locale\" content=\"en_US\" \/>\n<meta property=\"og:type\" content=\"article\" \/>\n<meta property=\"og:title\" content=\"Zawieszka karpik koi, malowana w plamki - Lekka - porcelanowa bi\u017cuteria i naczynia\" \/>\n<meta property=\"og:description\" content=\"Porcelanowy karpik koi w formie zawieszki.  W tej kolekcji znajdziesz je tak\u017ce w wersji bia\u0142ej, a tak\u017ce jako kolczyki wisz\u0105ce i sztyfty.  UWAGA! Kupujesz moj\u0105 bi\u017cuteri\u0119 z kolekcji SZUM 2.0 w trybie PREORDERU. To znaczy, \u017ce b\u0119d\u0119 je tworzy\u0107 ju\u017c po jego zamkni\u0119ciu - 17.03, a paczki z gotow\u0105 bi\u017cuteri\u0105 wy\u015bl\u0119 najp\u00f3\u017aniej 28.03. Dzi\u0119kuj\u0119 Ci za cierpliwo\u015b\u0107 - dzi\u0119ki tej formie wiem ile jakiego modelu mam stworzy\u0107, mog\u0119 ich wi\u0119c zaproponowa\u0107 wi\u0119cej, a w ramach podzi\u0119kowania - oferuj\u0119 ni\u017csz\u0105 cen\u0119.\" \/>\n<meta property=\"og:url\" content=\"https:\/\/lekka-store.pl\/en\/produkt\/zawieszka-karpik-koi-malowana-w-plamki\/\" \/>\n<meta property=\"og:site_name\" content=\"Lekka - porcelanowa bi\u017cuteria i naczynia\" \/>\n<meta property=\"article:modified_time\" content=\"2026-04-10T11:34:24+00:00\" \/>\n<meta property=\"og:image\" content=\"https:\/\/lekka-store.pl\/wp-content\/uploads\/2025\/03\/kolczyki-karpiki-koi-1.jpg\" \/>\n\t<meta property=\"og:image:width\" content=\"1080\" \/>\n\t<meta property=\"og:image:height\" content=\"1350\" \/>\n\t<meta property=\"og:image:type\" content=\"image\/jpeg\" \/>\n<meta name=\"twitter:card\" content=\"summary_large_image\" \/>\n<meta name=\"twitter:label1\" content=\"Est. reading time\" \/>\n\t<meta name=\"twitter:data1\" content=\"1 minute\" \/>\n<script type=\"application\/ld+json\" class=\"yoast-schema-graph\">{\"@context\":\"https:\\\/\\\/schema.org\",\"@graph\":[{\"@type\":\"WebPage\",\"@id\":\"https:\\\/\\\/lekka-store.pl\\\/en\\\/produkt\\\/zawieszka-karpik-koi-malowana-w-plamki\\\/\",\"url\":\"https:\\\/\\\/lekka-store.pl\\\/en\\\/produkt\\\/zawieszka-karpik-koi-malowana-w-plamki\\\/\",\"name\":\"Zawieszka karpik koi, malowana w plamki - Lekka - porcelanowa bi\u017cuteria i naczynia\",\"isPartOf\":{\"@id\":\"https:\\\/\\\/lekka-store.pl\\\/en\\\/#website\"},\"primaryImageOfPage\":{\"@id\":\"https:\\\/\\\/lekka-store.pl\\\/en\\\/produkt\\\/zawieszka-karpik-koi-malowana-w-plamki\\\/#primaryimage\"},\"image\":{\"@id\":\"https:\\\/\\\/lekka-store.pl\\\/en\\\/produkt\\\/zawieszka-karpik-koi-malowana-w-plamki\\\/#primaryimage\"},\"thumbnailUrl\":\"https:\\\/\\\/lekka-store.pl\\\/wp-content\\\/uploads\\\/2025\\\/03\\\/kolczyki-karpiki-koi-1.jpg\",\"datePublished\":\"2025-03-10T13:23:18+00:00\",\"dateModified\":\"2026-04-10T11:34:24+00:00\",\"breadcrumb\":{\"@id\":\"https:\\\/\\\/lekka-store.pl\\\/en\\\/produkt\\\/zawieszka-karpik-koi-malowana-w-plamki\\\/#breadcrumb\"},\"inLanguage\":\"en-US\",\"potentialAction\":[{\"@type\":\"ReadAction\",\"target\":[\"https:\\\/\\\/lekka-store.pl\\\/en\\\/produkt\\\/zawieszka-karpik-koi-malowana-w-plamki\\\/\"]}]},{\"@type\":\"ImageObject\",\"inLanguage\":\"en-US\",\"@id\":\"https:\\\/\\\/lekka-store.pl\\\/en\\\/produkt\\\/zawieszka-karpik-koi-malowana-w-plamki\\\/#primaryimage\",\"url\":\"https:\\\/\\\/lekka-store.pl\\\/wp-content\\\/uploads\\\/2025\\\/03\\\/kolczyki-karpiki-koi-1.jpg\",\"contentUrl\":\"https:\\\/\\\/lekka-store.pl\\\/wp-content\\\/uploads\\\/2025\\\/03\\\/kolczyki-karpiki-koi-1.jpg\",\"width\":1080,\"height\":1350},{\"@type\":\"BreadcrumbList\",\"@id\":\"https:\\\/\\\/lekka-store.pl\\\/en\\\/produkt\\\/zawieszka-karpik-koi-malowana-w-plamki\\\/#breadcrumb\",\"itemListElement\":[{\"@type\":\"ListItem\",\"position\":1,\"name\":\"Strona g\u0142\u00f3wna\",\"item\":\"https:\\\/\\\/lekka-store.pl\\\/en\\\/\"},{\"@type\":\"ListItem\",\"position\":2,\"name\":\"Shop\",\"item\":\"https:\\\/\\\/lekka-store.pl\\\/en\\\/shop\\\/\"},{\"@type\":\"ListItem\",\"position\":3,\"name\":\"Zawieszka karpik koi, malowana w plamki\"}]},{\"@type\":\"WebSite\",\"@id\":\"https:\\\/\\\/lekka-store.pl\\\/en\\\/#website\",\"url\":\"https:\\\/\\\/lekka-store.pl\\\/en\\\/\",\"name\":\"Lekka - porcelanowa bi\u017cuteria i naczynia\",\"description\":\"Porcelanowa bi\u017cuteria i naczynia\",\"publisher\":{\"@id\":\"https:\\\/\\\/lekka-store.pl\\\/en\\\/#organization\"},\"potentialAction\":[{\"@type\":\"SearchAction\",\"target\":{\"@type\":\"EntryPoint\",\"urlTemplate\":\"https:\\\/\\\/lekka-store.pl\\\/en\\\/?s={search_term_string}\"},\"query-input\":{\"@type\":\"PropertyValueSpecification\",\"valueRequired\":true,\"valueName\":\"search_term_string\"}}],\"inLanguage\":\"en-US\"},{\"@type\":\"Organization\",\"@id\":\"https:\\\/\\\/lekka-store.pl\\\/en\\\/#organization\",\"name\":\"Lekka - porcelanowa bi\u017cuteria i naczynia\",\"url\":\"https:\\\/\\\/lekka-store.pl\\\/en\\\/\",\"logo\":{\"@type\":\"ImageObject\",\"inLanguage\":\"en-US\",\"@id\":\"https:\\\/\\\/lekka-store.pl\\\/en\\\/#\\\/schema\\\/logo\\\/image\\\/\",\"url\":\"https:\\\/\\\/lekka-store.pl\\\/wp-content\\\/uploads\\\/2020\\\/05\\\/Asset-17.png\",\"contentUrl\":\"https:\\\/\\\/lekka-store.pl\\\/wp-content\\\/uploads\\\/2020\\\/05\\\/Asset-17.png\",\"width\":255,\"height\":100,\"caption\":\"Lekka - porcelanowa bi\u017cuteria i naczynia\"},\"image\":{\"@id\":\"https:\\\/\\\/lekka-store.pl\\\/en\\\/#\\\/schema\\\/logo\\\/image\\\/\"}}]}<\/script>\n<!-- \/ Yoast SEO plugin. -->","yoast_head_json":{"title":"Zawieszka karpik koi, malowana w plamki - Lekka - porcelanowa bi\u017cuteria i naczynia","robots":{"index":"index","follow":"follow","max-snippet":"max-snippet:-1","max-image-preview":"max-image-preview:large","max-video-preview":"max-video-preview:-1"},"canonical":"https:\/\/lekka-store.pl\/en\/produkt\/zawieszka-karpik-koi-malowana-w-plamki\/","og_locale":"en_US","og_type":"article","og_title":"Zawieszka karpik koi, malowana w plamki - Lekka - porcelanowa bi\u017cuteria i naczynia","og_description":"Porcelanowy karpik koi w formie zawieszki.  W tej kolekcji znajdziesz je tak\u017ce w wersji bia\u0142ej, a tak\u017ce jako kolczyki wisz\u0105ce i sztyfty.  UWAGA! Kupujesz moj\u0105 bi\u017cuteri\u0119 z kolekcji SZUM 2.0 w trybie PREORDERU. To znaczy, \u017ce b\u0119d\u0119 je tworzy\u0107 ju\u017c po jego zamkni\u0119ciu - 17.03, a paczki z gotow\u0105 bi\u017cuteri\u0105 wy\u015bl\u0119 najp\u00f3\u017aniej 28.03. Dzi\u0119kuj\u0119 Ci za cierpliwo\u015b\u0107 - dzi\u0119ki tej formie wiem ile jakiego modelu mam stworzy\u0107, mog\u0119 ich wi\u0119c zaproponowa\u0107 wi\u0119cej, a w ramach podzi\u0119kowania - oferuj\u0119 ni\u017csz\u0105 cen\u0119.","og_url":"https:\/\/lekka-store.pl\/en\/produkt\/zawieszka-karpik-koi-malowana-w-plamki\/","og_site_name":"Lekka - porcelanowa bi\u017cuteria i naczynia","article_modified_time":"2026-04-10T11:34:24+00:00","og_image":[{"width":1080,"height":1350,"url":"https:\/\/lekka-store.pl\/wp-content\/uploads\/2025\/03\/kolczyki-karpiki-koi-1.jpg","type":"image\/jpeg"}],"twitter_card":"summary_large_image","twitter_misc":{"Est. reading time":"1 minute"},"schema":{"@context":"https:\/\/schema.org","@graph":[{"@type":"WebPage","@id":"https:\/\/lekka-store.pl\/en\/produkt\/zawieszka-karpik-koi-malowana-w-plamki\/","url":"https:\/\/lekka-store.pl\/en\/produkt\/zawieszka-karpik-koi-malowana-w-plamki\/","name":"Zawieszka karpik koi, malowana w plamki - Lekka - porcelanowa bi\u017cuteria i naczynia","isPartOf":{"@id":"https:\/\/lekka-store.pl\/en\/#website"},"primaryImageOfPage":{"@id":"https:\/\/lekka-store.pl\/en\/produkt\/zawieszka-karpik-koi-malowana-w-plamki\/#primaryimage"},"image":{"@id":"https:\/\/lekka-store.pl\/en\/produkt\/zawieszka-karpik-koi-malowana-w-plamki\/#primaryimage"},"thumbnailUrl":"https:\/\/lekka-store.pl\/wp-content\/uploads\/2025\/03\/kolczyki-karpiki-koi-1.jpg","datePublished":"2025-03-10T13:23:18+00:00","dateModified":"2026-04-10T11:34:24+00:00","breadcrumb":{"@id":"https:\/\/lekka-store.pl\/en\/produkt\/zawieszka-karpik-koi-malowana-w-plamki\/#breadcrumb"},"inLanguage":"en-US","potentialAction":[{"@type":"ReadAction","target":["https:\/\/lekka-store.pl\/en\/produkt\/zawieszka-karpik-koi-malowana-w-plamki\/"]}]},{"@type":"ImageObject","inLanguage":"en-US","@id":"https:\/\/lekka-store.pl\/en\/produkt\/zawieszka-karpik-koi-malowana-w-plamki\/#primaryimage","url":"https:\/\/lekka-store.pl\/wp-content\/uploads\/2025\/03\/kolczyki-karpiki-koi-1.jpg","contentUrl":"https:\/\/lekka-store.pl\/wp-content\/uploads\/2025\/03\/kolczyki-karpiki-koi-1.jpg","width":1080,"height":1350},{"@type":"BreadcrumbList","@id":"https:\/\/lekka-store.pl\/en\/produkt\/zawieszka-karpik-koi-malowana-w-plamki\/#breadcrumb","itemListElement":[{"@type":"ListItem","position":1,"name":"Strona g\u0142\u00f3wna","item":"https:\/\/lekka-store.pl\/en\/"},{"@type":"ListItem","position":2,"name":"Shop","item":"https:\/\/lekka-store.pl\/en\/shop\/"},{"@type":"ListItem","position":3,"name":"Zawieszka karpik koi, malowana w plamki"}]},{"@type":"WebSite","@id":"https:\/\/lekka-store.pl\/en\/#website","url":"https:\/\/lekka-store.pl\/en\/","name":"Lekka - porcelanowa bi\u017cuteria i naczynia","description":"Porcelanowa bi\u017cuteria i naczynia","publisher":{"@id":"https:\/\/lekka-store.pl\/en\/#organization"},"potentialAction":[{"@type":"SearchAction","target":{"@type":"EntryPoint","urlTemplate":"https:\/\/lekka-store.pl\/en\/?s={search_term_string}"},"query-input":{"@type":"PropertyValueSpecification","valueRequired":true,"valueName":"search_term_string"}}],"inLanguage":"en-US"},{"@type":"Organization","@id":"https:\/\/lekka-store.pl\/en\/#organization","name":"Lekka - porcelanowa bi\u017cuteria i naczynia","url":"https:\/\/lekka-store.pl\/en\/","logo":{"@type":"ImageObject","inLanguage":"en-US","@id":"https:\/\/lekka-store.pl\/en\/#\/schema\/logo\/image\/","url":"https:\/\/lekka-store.pl\/wp-content\/uploads\/2020\/05\/Asset-17.png","contentUrl":"https:\/\/lekka-store.pl\/wp-content\/uploads\/2020\/05\/Asset-17.png","width":255,"height":100,"caption":"Lekka - porcelanowa bi\u017cuteria i naczynia"},"image":{"@id":"https:\/\/lekka-store.pl\/en\/#\/schema\/logo\/image\/"}}]}},"_links":{"self":[{"href":"https:\/\/lekka-store.pl\/en\/wp-json\/wp\/v2\/product\/7909","targetHints":{"allow":["GET"]}}],"collection":[{"href":"https:\/\/lekka-store.pl\/en\/wp-json\/wp\/v2\/product"}],"about":[{"href":"https:\/\/lekka-store.pl\/en\/wp-json\/wp\/v2\/types\/product"}],"wp:featuredmedia":[{"embeddable":true,"href":"https:\/\/lekka-store.pl\/en\/wp-json\/wp\/v2\/media\/7910"}],"wp:attachment":[{"href":"https:\/\/lekka-store.pl\/en\/wp-json\/wp\/v2\/media?parent=7909"}],"wp:term":[{"taxonomy":"product_brand","embeddable":true,"href":"https:\/\/lekka-store.pl\/en\/wp-json\/wp\/v2\/product_brand?post=7909"},{"taxonomy":"product_cat","embeddable":true,"href":"https:\/\/lekka-store.pl\/en\/wp-json\/wp\/v2\/product_cat?post=7909"},{"taxonomy":"product_tag","embeddable":true,"href":"https:\/\/lekka-store.pl\/en\/wp-json\/wp\/v2\/product_tag?post=7909"}],"curies":[{"name":"wp","href":"https:\/\/api.w.org\/{rel}","templated":true}]}}