{"id":7763,"date":"2025-05-26T16:28:04","date_gmt":"2025-05-26T14:28:04","guid":{"rendered":"https:\/\/lekka-store.pl\/produkt\/pierscionek-porcelanowy-obraczka-w-rybki-rozne-rozmiary\/"},"modified":"2025-05-26T16:28:04","modified_gmt":"2025-05-26T14:28:04","slug":"pierscionek-porcelanowy-obraczka-w-rybki-rozne-rozmiary","status":"publish","type":"product","link":"https:\/\/lekka-store.pl\/en\/produkt\/pierscionek-porcelanowy-obraczka-w-rybki-rozne-rozmiary\/","title":{"rendered":"Pier\u015bcionek porcelanowy, obr\u0105czka w rybki &#8211; r\u00f3\u017cne rozmiary"},"content":{"rendered":"<p><!--StartFragment--><!--StartFragment--><\/p>\n<p>JAK POWSTA\u0141?<\/p>\n<p>Ka\u017cdy porcelanowy pier\u015bcionek r\u0119cznie formuj\u0119, a po wyschni\u0119ciu dodatkowo retuszuj\u0119, \u017ceby by\u0142 cudownie g\u0142adki i dopracowany. P\u00f3\u017aniej r\u0119cznie, male\u0144kim p\u0119dzelkiem, maluj\u0119 na nim wz\u00f3r i pokrywam go szkliwem. Po wypaleniu w 1250 stopniach jest gotowy &#8211; po zapakowaniu (tak\u017ce moimi r\u0119kami) &#8211;\u00a0 trafi do Ciebie!<\/p>\n<p>MATERIA\u0141Y<\/p>\n<p>\u2022 najwy\u017cszej jako\u015bci angielska porcelana, farba ceramiczna podszkliwna, szkliwo.<\/p>\n<p>ROZMIARY<\/p>\n<p>Tworz\u0119 pier\u015bcionki we wszystkich rozmiarach &#8211; ale nie zawsze ka\u017cdy z nich mam na stanie. Je\u015bli ten wz\u00f3r skrad\u0142 Twoje serce, ale rozmiar jest niedost\u0119pny &#8211; napisz do mnie przez formularz kontaktowy lub na maila kontakt@lekka-store@gmail.com<\/p>\n<p>To wyr\u00f3b rzemie\u015blniczy &#8211; ka\u017cdy pier\u015bcionek tworz\u0119 r\u0119cznie, wi\u0119c namalowany wz\u00f3r jest zawsze troch\u0119 inny. Ten, kt\u00f3ry otrzymasz mo\u017ce si\u0119 minimalnie r\u00f3\u017cni\u0107 od tego na zdj\u0119ciu. Ale przecie\u017c o to chodzi, prawda? \u017beby by\u0142 wyj\u0105tkowy, Tw\u00f3j i by\u0142 stworzony ludzk\u0105 r\u0119k\u0105.<\/p>\n<p><!--EndFragment--><\/p>\n","protected":false},"excerpt":{"rendered":"<p>Wodoodporny porcelanowy pier\u015bcionek z r\u0119cznie malowan\u0105 rozgwiazd\u0105, r\u0119cznie formowany i malowany.<\/p>\n<p>Czy porcelanowy pier\u015bcionek ma sens? Sama je nosz\u0119 i wiem, \u017ce<\/p>\n<p>&#8211; mo\u017cesz si\u0119 w nim \u015bmia\u0142o k\u0105pa\u0107 w morzu czy my\u0107 r\u0119ce &#8211; w ko\u0144cu jest jak talerz, woda mu niegro\u017ana!<\/p>\n<p>&#8211; jest bardzo przyjemny w dotyku &#8211; w cz\u0119\u015bci wewn\u0119trznej szkliwiony, po\u0142yskuj\u0105cy i u\u0142atwiaj\u0105cy wsuwanie na palec, z zewn\u0105trz cz\u0119\u015bciowo szkliwiony, a cz\u0119\u015bciowo jedwabi\u015bcie satynowy. Dotyk porcelany na sk\u00f3rze jest tak przyjemny.<\/p>\n<p>&#8211; nie, nie jest \u0142atwo go st\u0142uc. Sama cz\u0119sto o co\u015b uderzam i w toku eksperyment\u00f3w zrobi\u0142am pier\u015bcionki na tyle mocne, \u017ceby te sytuacje nie by\u0142y dla nich gro\u017ane, a jednocze\u015bnie na tyle cienkie, \u017ceby dobrze si\u0119 je nosi\u0142o.<\/p>\n<p>&nbsp;<\/p>\n","protected":false},"featured_media":7765,"template":"","meta":{"ocean_post_layout":"","ocean_both_sidebars_style":"","ocean_both_sidebars_content_width":0,"ocean_both_sidebars_sidebars_width":0,"ocean_sidebar":"0","ocean_second_sidebar":"0","ocean_disable_margins":"enable","ocean_add_body_class":"","ocean_shortcode_before_top_bar":"","ocean_shortcode_after_top_bar":"","ocean_shortcode_before_header":"","ocean_shortcode_after_header":"","ocean_has_shortcode":"","ocean_shortcode_after_title":"","ocean_shortcode_before_footer_widgets":"","ocean_shortcode_after_footer_widgets":"","ocean_shortcode_before_footer_bottom":"","ocean_shortcode_after_footer_bottom":"","ocean_display_top_bar":"default","ocean_display_header":"default","ocean_header_style":"","ocean_center_header_left_menu":"0","ocean_custom_header_template":"0","ocean_custom_logo":0,"ocean_custom_retina_logo":0,"ocean_custom_logo_max_width":0,"ocean_custom_logo_tablet_max_width":0,"ocean_custom_logo_mobile_max_width":0,"ocean_custom_logo_max_height":0,"ocean_custom_logo_tablet_max_height":0,"ocean_custom_logo_mobile_max_height":0,"ocean_header_custom_menu":"0","ocean_menu_typo_font_family":"0","ocean_menu_typo_font_subset":"","ocean_menu_typo_font_size":0,"ocean_menu_typo_font_size_tablet":0,"ocean_menu_typo_font_size_mobile":0,"ocean_menu_typo_font_size_unit":"px","ocean_menu_typo_font_weight":"","ocean_menu_typo_font_weight_tablet":"","ocean_menu_typo_font_weight_mobile":"","ocean_menu_typo_transform":"","ocean_menu_typo_transform_tablet":"","ocean_menu_typo_transform_mobile":"","ocean_menu_typo_line_height":0,"ocean_menu_typo_line_height_tablet":0,"ocean_menu_typo_line_height_mobile":0,"ocean_menu_typo_line_height_unit":"","ocean_menu_typo_spacing":0,"ocean_menu_typo_spacing_tablet":0,"ocean_menu_typo_spacing_mobile":0,"ocean_menu_typo_spacing_unit":"","ocean_menu_link_color":"","ocean_menu_link_color_hover":"","ocean_menu_link_color_active":"","ocean_menu_link_background":"","ocean_menu_link_hover_background":"","ocean_menu_link_active_background":"","ocean_menu_social_links_bg":"","ocean_menu_social_hover_links_bg":"","ocean_menu_social_links_color":"","ocean_menu_social_hover_links_color":"","ocean_disable_title":"default","ocean_disable_heading":"default","ocean_post_title":"","ocean_post_subheading":"","ocean_post_title_style":"","ocean_post_title_background_color":"","ocean_post_title_background":0,"ocean_post_title_bg_image_position":"","ocean_post_title_bg_image_attachment":"","ocean_post_title_bg_image_repeat":"","ocean_post_title_bg_image_size":"","ocean_post_title_height":0,"ocean_post_title_bg_overlay":0.5,"ocean_post_title_bg_overlay_color":"","ocean_disable_breadcrumbs":"default","ocean_breadcrumbs_color":"","ocean_breadcrumbs_separator_color":"","ocean_breadcrumbs_links_color":"","ocean_breadcrumbs_links_hover_color":"","ocean_display_footer_widgets":"default","ocean_display_footer_bottom":"default","ocean_custom_footer_template":"0"},"product_brand":[],"product_cat":[89,93,104],"product_tag":[],"class_list":{"0":"post-7763","1":"product","2":"type-product","3":"status-publish","4":"has-post-thumbnail","6":"product_cat-wszystko","7":"product_cat-bizuteria","8":"product_cat-pierscionki","9":"product_shipping_class-gabaryt-a","11":"entry","12":"has-media","14":"first","15":"instock","16":"shipping-taxable","17":"purchasable","18":"product-type-variable","19":"has-product-nav","20":"col","21":"span_1_of_3","22":"owp-content-center","23":"item-entry","24":"owp-thumbs-layout-horizontal","25":"owp-btn-normal","26":"owp-tabs-layout-section"},"yoast_head":"<!-- This site is optimized with the Yoast SEO plugin v27.4 - https:\/\/yoast.com\/product\/yoast-seo-wordpress\/ -->\n<title>Pier\u015bcionek porcelanowy, obr\u0105czka w rybki - r\u00f3\u017cne rozmiary - Lekka - porcelanowa bi\u017cuteria i naczynia<\/title>\n<meta name=\"robots\" content=\"index, follow, max-snippet:-1, max-image-preview:large, max-video-preview:-1\" \/>\n<link rel=\"canonical\" href=\"https:\/\/lekka-store.pl\/en\/produkt\/pierscionek-porcelanowy-obraczka-w-rybki-rozne-rozmiary\/\" \/>\n<meta property=\"og:locale\" content=\"en_US\" \/>\n<meta property=\"og:type\" content=\"article\" \/>\n<meta property=\"og:title\" content=\"Pier\u015bcionek porcelanowy, obr\u0105czka w rybki - r\u00f3\u017cne rozmiary - Lekka - porcelanowa bi\u017cuteria i naczynia\" \/>\n<meta property=\"og:description\" content=\"Wodoodporny porcelanowy pier\u015bcionek z r\u0119cznie malowan\u0105 rozgwiazd\u0105, r\u0119cznie formowany i malowany.  Czy porcelanowy pier\u015bcionek ma sens? Sama je nosz\u0119 i wiem, \u017ce  - mo\u017cesz si\u0119 w nim \u015bmia\u0142o k\u0105pa\u0107 w morzu czy my\u0107 r\u0119ce - w ko\u0144cu jest jak talerz, woda mu niegro\u017ana!  - jest bardzo przyjemny w dotyku - w cz\u0119\u015bci wewn\u0119trznej szkliwiony, po\u0142yskuj\u0105cy i u\u0142atwiaj\u0105cy wsuwanie na palec, z zewn\u0105trz cz\u0119\u015bciowo szkliwiony, a cz\u0119\u015bciowo jedwabi\u015bcie satynowy. Dotyk porcelany na sk\u00f3rze jest tak przyjemny.  - nie, nie jest \u0142atwo go st\u0142uc. Sama cz\u0119sto o co\u015b uderzam i w toku eksperyment\u00f3w zrobi\u0142am pier\u015bcionki na tyle mocne, \u017ceby te sytuacje nie by\u0142y dla nich gro\u017ane, a jednocze\u015bnie na tyle cienkie, \u017ceby dobrze si\u0119 je nosi\u0142o.  &nbsp;\" \/>\n<meta property=\"og:url\" content=\"https:\/\/lekka-store.pl\/en\/produkt\/pierscionek-porcelanowy-obraczka-w-rybki-rozne-rozmiary\/\" \/>\n<meta property=\"og:site_name\" content=\"Lekka - porcelanowa bi\u017cuteria i naczynia\" \/>\n<meta name=\"twitter:card\" content=\"summary_large_image\" \/>\n<meta name=\"twitter:label1\" content=\"Est. reading time\" \/>\n\t<meta name=\"twitter:data1\" content=\"1 minute\" \/>\n<script type=\"application\/ld+json\" class=\"yoast-schema-graph\">{\"@context\":\"https:\\\/\\\/schema.org\",\"@graph\":[{\"@type\":\"WebPage\",\"@id\":\"https:\\\/\\\/lekka-store.pl\\\/en\\\/produkt\\\/pierscionek-porcelanowy-obraczka-w-rybki-rozne-rozmiary\\\/\",\"url\":\"https:\\\/\\\/lekka-store.pl\\\/en\\\/produkt\\\/pierscionek-porcelanowy-obraczka-w-rybki-rozne-rozmiary\\\/\",\"name\":\"Pier\u015bcionek porcelanowy, obr\u0105czka w rybki - r\u00f3\u017cne rozmiary - Lekka - porcelanowa bi\u017cuteria i naczynia\",\"isPartOf\":{\"@id\":\"https:\\\/\\\/lekka-store.pl\\\/en\\\/#website\"},\"primaryImageOfPage\":{\"@id\":\"https:\\\/\\\/lekka-store.pl\\\/en\\\/produkt\\\/pierscionek-porcelanowy-obraczka-w-rybki-rozne-rozmiary\\\/#primaryimage\"},\"image\":{\"@id\":\"https:\\\/\\\/lekka-store.pl\\\/en\\\/produkt\\\/pierscionek-porcelanowy-obraczka-w-rybki-rozne-rozmiary\\\/#primaryimage\"},\"thumbnailUrl\":\"https:\\\/\\\/lekka-store.pl\\\/wp-content\\\/uploads\\\/2025\\\/05\\\/pierscionek-porcelanowy-wodoodporny-6.jpg\",\"datePublished\":\"2025-05-26T14:28:04+00:00\",\"breadcrumb\":{\"@id\":\"https:\\\/\\\/lekka-store.pl\\\/en\\\/produkt\\\/pierscionek-porcelanowy-obraczka-w-rybki-rozne-rozmiary\\\/#breadcrumb\"},\"inLanguage\":\"en-US\",\"potentialAction\":[{\"@type\":\"ReadAction\",\"target\":[\"https:\\\/\\\/lekka-store.pl\\\/en\\\/produkt\\\/pierscionek-porcelanowy-obraczka-w-rybki-rozne-rozmiary\\\/\"]}]},{\"@type\":\"ImageObject\",\"inLanguage\":\"en-US\",\"@id\":\"https:\\\/\\\/lekka-store.pl\\\/en\\\/produkt\\\/pierscionek-porcelanowy-obraczka-w-rybki-rozne-rozmiary\\\/#primaryimage\",\"url\":\"https:\\\/\\\/lekka-store.pl\\\/wp-content\\\/uploads\\\/2025\\\/05\\\/pierscionek-porcelanowy-wodoodporny-6.jpg\",\"contentUrl\":\"https:\\\/\\\/lekka-store.pl\\\/wp-content\\\/uploads\\\/2025\\\/05\\\/pierscionek-porcelanowy-wodoodporny-6.jpg\",\"width\":1200,\"height\":1500},{\"@type\":\"BreadcrumbList\",\"@id\":\"https:\\\/\\\/lekka-store.pl\\\/en\\\/produkt\\\/pierscionek-porcelanowy-obraczka-w-rybki-rozne-rozmiary\\\/#breadcrumb\",\"itemListElement\":[{\"@type\":\"ListItem\",\"position\":1,\"name\":\"Strona g\u0142\u00f3wna\",\"item\":\"https:\\\/\\\/lekka-store.pl\\\/en\\\/\"},{\"@type\":\"ListItem\",\"position\":2,\"name\":\"Shop\",\"item\":\"https:\\\/\\\/lekka-store.pl\\\/en\\\/shop\\\/\"},{\"@type\":\"ListItem\",\"position\":3,\"name\":\"Pier\u015bcionek porcelanowy, obr\u0105czka w rybki &#8211; r\u00f3\u017cne rozmiary\"}]},{\"@type\":\"WebSite\",\"@id\":\"https:\\\/\\\/lekka-store.pl\\\/en\\\/#website\",\"url\":\"https:\\\/\\\/lekka-store.pl\\\/en\\\/\",\"name\":\"Lekka - porcelanowa bi\u017cuteria i naczynia\",\"description\":\"Porcelanowa bi\u017cuteria i naczynia\",\"publisher\":{\"@id\":\"https:\\\/\\\/lekka-store.pl\\\/en\\\/#organization\"},\"potentialAction\":[{\"@type\":\"SearchAction\",\"target\":{\"@type\":\"EntryPoint\",\"urlTemplate\":\"https:\\\/\\\/lekka-store.pl\\\/en\\\/?s={search_term_string}\"},\"query-input\":{\"@type\":\"PropertyValueSpecification\",\"valueRequired\":true,\"valueName\":\"search_term_string\"}}],\"inLanguage\":\"en-US\"},{\"@type\":\"Organization\",\"@id\":\"https:\\\/\\\/lekka-store.pl\\\/en\\\/#organization\",\"name\":\"Lekka - porcelanowa bi\u017cuteria i naczynia\",\"url\":\"https:\\\/\\\/lekka-store.pl\\\/en\\\/\",\"logo\":{\"@type\":\"ImageObject\",\"inLanguage\":\"en-US\",\"@id\":\"https:\\\/\\\/lekka-store.pl\\\/en\\\/#\\\/schema\\\/logo\\\/image\\\/\",\"url\":\"https:\\\/\\\/lekka-store.pl\\\/wp-content\\\/uploads\\\/2020\\\/05\\\/Asset-17.png\",\"contentUrl\":\"https:\\\/\\\/lekka-store.pl\\\/wp-content\\\/uploads\\\/2020\\\/05\\\/Asset-17.png\",\"width\":255,\"height\":100,\"caption\":\"Lekka - porcelanowa bi\u017cuteria i naczynia\"},\"image\":{\"@id\":\"https:\\\/\\\/lekka-store.pl\\\/en\\\/#\\\/schema\\\/logo\\\/image\\\/\"}}]}<\/script>\n<!-- \/ Yoast SEO plugin. -->","yoast_head_json":{"title":"Pier\u015bcionek porcelanowy, obr\u0105czka w rybki - r\u00f3\u017cne rozmiary - Lekka - porcelanowa bi\u017cuteria i naczynia","robots":{"index":"index","follow":"follow","max-snippet":"max-snippet:-1","max-image-preview":"max-image-preview:large","max-video-preview":"max-video-preview:-1"},"canonical":"https:\/\/lekka-store.pl\/en\/produkt\/pierscionek-porcelanowy-obraczka-w-rybki-rozne-rozmiary\/","og_locale":"en_US","og_type":"article","og_title":"Pier\u015bcionek porcelanowy, obr\u0105czka w rybki - r\u00f3\u017cne rozmiary - Lekka - porcelanowa bi\u017cuteria i naczynia","og_description":"Wodoodporny porcelanowy pier\u015bcionek z r\u0119cznie malowan\u0105 rozgwiazd\u0105, r\u0119cznie formowany i malowany.  Czy porcelanowy pier\u015bcionek ma sens? Sama je nosz\u0119 i wiem, \u017ce  - mo\u017cesz si\u0119 w nim \u015bmia\u0142o k\u0105pa\u0107 w morzu czy my\u0107 r\u0119ce - w ko\u0144cu jest jak talerz, woda mu niegro\u017ana!  - jest bardzo przyjemny w dotyku - w cz\u0119\u015bci wewn\u0119trznej szkliwiony, po\u0142yskuj\u0105cy i u\u0142atwiaj\u0105cy wsuwanie na palec, z zewn\u0105trz cz\u0119\u015bciowo szkliwiony, a cz\u0119\u015bciowo jedwabi\u015bcie satynowy. Dotyk porcelany na sk\u00f3rze jest tak przyjemny.  - nie, nie jest \u0142atwo go st\u0142uc. Sama cz\u0119sto o co\u015b uderzam i w toku eksperyment\u00f3w zrobi\u0142am pier\u015bcionki na tyle mocne, \u017ceby te sytuacje nie by\u0142y dla nich gro\u017ane, a jednocze\u015bnie na tyle cienkie, \u017ceby dobrze si\u0119 je nosi\u0142o.  &nbsp;","og_url":"https:\/\/lekka-store.pl\/en\/produkt\/pierscionek-porcelanowy-obraczka-w-rybki-rozne-rozmiary\/","og_site_name":"Lekka - porcelanowa bi\u017cuteria i naczynia","twitter_card":"summary_large_image","twitter_misc":{"Est. reading time":"1 minute"},"schema":{"@context":"https:\/\/schema.org","@graph":[{"@type":"WebPage","@id":"https:\/\/lekka-store.pl\/en\/produkt\/pierscionek-porcelanowy-obraczka-w-rybki-rozne-rozmiary\/","url":"https:\/\/lekka-store.pl\/en\/produkt\/pierscionek-porcelanowy-obraczka-w-rybki-rozne-rozmiary\/","name":"Pier\u015bcionek porcelanowy, obr\u0105czka w rybki - r\u00f3\u017cne rozmiary - Lekka - porcelanowa bi\u017cuteria i naczynia","isPartOf":{"@id":"https:\/\/lekka-store.pl\/en\/#website"},"primaryImageOfPage":{"@id":"https:\/\/lekka-store.pl\/en\/produkt\/pierscionek-porcelanowy-obraczka-w-rybki-rozne-rozmiary\/#primaryimage"},"image":{"@id":"https:\/\/lekka-store.pl\/en\/produkt\/pierscionek-porcelanowy-obraczka-w-rybki-rozne-rozmiary\/#primaryimage"},"thumbnailUrl":"https:\/\/lekka-store.pl\/wp-content\/uploads\/2025\/05\/pierscionek-porcelanowy-wodoodporny-6.jpg","datePublished":"2025-05-26T14:28:04+00:00","breadcrumb":{"@id":"https:\/\/lekka-store.pl\/en\/produkt\/pierscionek-porcelanowy-obraczka-w-rybki-rozne-rozmiary\/#breadcrumb"},"inLanguage":"en-US","potentialAction":[{"@type":"ReadAction","target":["https:\/\/lekka-store.pl\/en\/produkt\/pierscionek-porcelanowy-obraczka-w-rybki-rozne-rozmiary\/"]}]},{"@type":"ImageObject","inLanguage":"en-US","@id":"https:\/\/lekka-store.pl\/en\/produkt\/pierscionek-porcelanowy-obraczka-w-rybki-rozne-rozmiary\/#primaryimage","url":"https:\/\/lekka-store.pl\/wp-content\/uploads\/2025\/05\/pierscionek-porcelanowy-wodoodporny-6.jpg","contentUrl":"https:\/\/lekka-store.pl\/wp-content\/uploads\/2025\/05\/pierscionek-porcelanowy-wodoodporny-6.jpg","width":1200,"height":1500},{"@type":"BreadcrumbList","@id":"https:\/\/lekka-store.pl\/en\/produkt\/pierscionek-porcelanowy-obraczka-w-rybki-rozne-rozmiary\/#breadcrumb","itemListElement":[{"@type":"ListItem","position":1,"name":"Strona g\u0142\u00f3wna","item":"https:\/\/lekka-store.pl\/en\/"},{"@type":"ListItem","position":2,"name":"Shop","item":"https:\/\/lekka-store.pl\/en\/shop\/"},{"@type":"ListItem","position":3,"name":"Pier\u015bcionek porcelanowy, obr\u0105czka w rybki &#8211; r\u00f3\u017cne rozmiary"}]},{"@type":"WebSite","@id":"https:\/\/lekka-store.pl\/en\/#website","url":"https:\/\/lekka-store.pl\/en\/","name":"Lekka - porcelanowa bi\u017cuteria i naczynia","description":"Porcelanowa bi\u017cuteria i naczynia","publisher":{"@id":"https:\/\/lekka-store.pl\/en\/#organization"},"potentialAction":[{"@type":"SearchAction","target":{"@type":"EntryPoint","urlTemplate":"https:\/\/lekka-store.pl\/en\/?s={search_term_string}"},"query-input":{"@type":"PropertyValueSpecification","valueRequired":true,"valueName":"search_term_string"}}],"inLanguage":"en-US"},{"@type":"Organization","@id":"https:\/\/lekka-store.pl\/en\/#organization","name":"Lekka - porcelanowa bi\u017cuteria i naczynia","url":"https:\/\/lekka-store.pl\/en\/","logo":{"@type":"ImageObject","inLanguage":"en-US","@id":"https:\/\/lekka-store.pl\/en\/#\/schema\/logo\/image\/","url":"https:\/\/lekka-store.pl\/wp-content\/uploads\/2020\/05\/Asset-17.png","contentUrl":"https:\/\/lekka-store.pl\/wp-content\/uploads\/2020\/05\/Asset-17.png","width":255,"height":100,"caption":"Lekka - porcelanowa bi\u017cuteria i naczynia"},"image":{"@id":"https:\/\/lekka-store.pl\/en\/#\/schema\/logo\/image\/"}}]}},"_links":{"self":[{"href":"https:\/\/lekka-store.pl\/en\/wp-json\/wp\/v2\/product\/7763","targetHints":{"allow":["GET"]}}],"collection":[{"href":"https:\/\/lekka-store.pl\/en\/wp-json\/wp\/v2\/product"}],"about":[{"href":"https:\/\/lekka-store.pl\/en\/wp-json\/wp\/v2\/types\/product"}],"wp:featuredmedia":[{"embeddable":true,"href":"https:\/\/lekka-store.pl\/en\/wp-json\/wp\/v2\/media\/7765"}],"wp:attachment":[{"href":"https:\/\/lekka-store.pl\/en\/wp-json\/wp\/v2\/media?parent=7763"}],"wp:term":[{"taxonomy":"product_brand","embeddable":true,"href":"https:\/\/lekka-store.pl\/en\/wp-json\/wp\/v2\/product_brand?post=7763"},{"taxonomy":"product_cat","embeddable":true,"href":"https:\/\/lekka-store.pl\/en\/wp-json\/wp\/v2\/product_cat?post=7763"},{"taxonomy":"product_tag","embeddable":true,"href":"https:\/\/lekka-store.pl\/en\/wp-json\/wp\/v2\/product_tag?post=7763"}],"curies":[{"name":"wp","href":"https:\/\/api.w.org\/{rel}","templated":true}]}}