{"id":7749,"date":"2025-05-26T16:53:11","date_gmt":"2025-05-26T14:53:11","guid":{"rendered":"https:\/\/lekka-store.pl\/produkt\/pierscionek-z-porcelanowa-muszla-nautilusem-pudrowy-roz-regulowany\/"},"modified":"2025-05-26T16:53:11","modified_gmt":"2025-05-26T14:53:11","slug":"pierscionek-z-porcelanowa-muszla-nautilusem-pudrowy-roz-regulowany","status":"publish","type":"product","link":"https:\/\/lekka-store.pl\/en\/produkt\/pierscionek-z-porcelanowa-muszla-nautilusem-pudrowy-roz-regulowany\/","title":{"rendered":"Pier\u015bcionek z porcelanow\u0105 muszl\u0105 Nautilusem, pudrowy r\u00f3\u017c, regulowany"},"content":{"rendered":"<p><!--StartFragment--><!--StartFragment--><\/p>\n<p>JAK POWSTA\u0141?<\/p>\n<p>Ka\u017cd\u0105 porcelanow\u0105 muszl\u0119 odciskam w formie gipsowej, kt\u00f3r\u0105 wyrze\u017abi\u0142am, a po wyschni\u0119ciu dodatkowo retuszuj\u0119, \u017ceby by\u0142a cudownie g\u0142adka i dopracowana. Po wypaleniu w 1250 stopniach jest gotowa do osadzenia w mosi\u0119\u017cnej, poz\u0142acanej i regulowanej obr\u0105czce &#8211; po zapakowaniu (tak\u017ce moimi r\u0119kami) &#8211;\u00a0 trafi do Ciebie!<\/p>\n<p>MATERIA\u0141Y<\/p>\n<p>&#8211; najwy\u017cszej jako\u015bci angielska porcelana, farba ceramiczna podszkliwna, szkliwo.<\/p>\n<p>&#8211; regulowana obr\u0105czka &#8211; mosi\u0105dz poz\u0142acany.<\/p>\n<p>ROZMIARY<\/p>\n<p>Pier\u015bcionek jest regulowany &#8211; z \u0142atwo\u015bci\u0105 dopasujesz go do swojego palca &#8211; najlepiej jednak pasuje na rozmiary od 10 &#8211; 17 (po prostu ci\u0119\u017cko zacisn\u0105\u0107 obr\u0105czk\u0119 mocniej, ale mo\u017cna pr\u00f3bowa\u0107).<\/p>\n<p>To wyr\u00f3b rzemie\u015blniczy &#8211; ka\u017cdy pier\u015bcionek tworz\u0119 r\u0119cznie, wi\u0119c\u00a0 jest zawsze troch\u0119 inny. Ten, kt\u00f3ry otrzymasz mo\u017ce si\u0119 minimalnie r\u00f3\u017cni\u0107 od tego na zdj\u0119ciu. Ale przecie\u017c o to chodzi, prawda? \u017beby by\u0142 wyj\u0105tkowy, Tw\u00f3j i by\u0142 stworzony ludzk\u0105 r\u0119k\u0105.<\/p>\n<p><!--EndFragment--><\/p>\n","protected":false},"excerpt":{"rendered":"<p>Pier\u015bcionek z porcelanow\u0105 muszl\u0105 na mosi\u0119\u017cnej, poz\u0142acanej obr\u0105czce. Idealny na lato, ale i na ca\u0142y rok dla tych, kt\u00f3re, jak ja, kochaj\u0105 morze.<\/p>\n<p>Czy porcelanowy pier\u015bcionek ma sens? Sama je nosz\u0119 i wiem, \u017ce w\u0142a\u015bciwie nie da si\u0119 go st\u0142uc. Sama cz\u0119sto o co\u015b uderzam i w toku eksperyment\u00f3w zrobi\u0142am pier\u015bcionki na tyle mocne, \u017ceby te sytuacje nie by\u0142y dla nich gro\u017ane. Za to sama muszla jest w stu procentach wodoodporna &#8211; jest zrobiona z porcelany &#8211; jak talerz, wi\u0119c \u017cadna woda jej niegro\u017ana. Na materia\u0142 obr\u0105czki wybra\u0142am lekko m\u0142otkowany, poz\u0142acany mosi\u0105dz. Cho\u0107 wszystkie produkty, kt\u00f3re tworz\u0119 montuj\u0119 na stali chirurgicznej &#8211; tutaj mosi\u0105dz jest lepszym rozwi\u0105zaniem. Pier\u015bcionki nara\u017cone s\u0105 na wi\u0119cej tarcia ni\u017c kolczyki i zawieszki &#8211; a co za tym idzie z\u0142ocenie \u0142atwiej schodzi &#8211; ale pod nim jest metal, kt\u00f3ry ma z\u0142oty kolor i pi\u0119knie si\u0119 starzeje. Bo wszystko, co tworz\u0119 jest przemy\u015blane i dopracowane. Ma cieszy\u0107 i s\u0142u\u017cy\u0107.<\/p>\n<p>&nbsp;<\/p>\n","protected":false},"featured_media":7751,"template":"","meta":{"ocean_post_layout":"","ocean_both_sidebars_style":"","ocean_both_sidebars_content_width":0,"ocean_both_sidebars_sidebars_width":0,"ocean_sidebar":"0","ocean_second_sidebar":"0","ocean_disable_margins":"enable","ocean_add_body_class":"","ocean_shortcode_before_top_bar":"","ocean_shortcode_after_top_bar":"","ocean_shortcode_before_header":"","ocean_shortcode_after_header":"","ocean_has_shortcode":"","ocean_shortcode_after_title":"","ocean_shortcode_before_footer_widgets":"","ocean_shortcode_after_footer_widgets":"","ocean_shortcode_before_footer_bottom":"","ocean_shortcode_after_footer_bottom":"","ocean_display_top_bar":"default","ocean_display_header":"default","ocean_header_style":"","ocean_center_header_left_menu":"0","ocean_custom_header_template":"0","ocean_custom_logo":0,"ocean_custom_retina_logo":0,"ocean_custom_logo_max_width":0,"ocean_custom_logo_tablet_max_width":0,"ocean_custom_logo_mobile_max_width":0,"ocean_custom_logo_max_height":0,"ocean_custom_logo_tablet_max_height":0,"ocean_custom_logo_mobile_max_height":0,"ocean_header_custom_menu":"0","ocean_menu_typo_font_family":"0","ocean_menu_typo_font_subset":"","ocean_menu_typo_font_size":0,"ocean_menu_typo_font_size_tablet":0,"ocean_menu_typo_font_size_mobile":0,"ocean_menu_typo_font_size_unit":"px","ocean_menu_typo_font_weight":"","ocean_menu_typo_font_weight_tablet":"","ocean_menu_typo_font_weight_mobile":"","ocean_menu_typo_transform":"","ocean_menu_typo_transform_tablet":"","ocean_menu_typo_transform_mobile":"","ocean_menu_typo_line_height":0,"ocean_menu_typo_line_height_tablet":0,"ocean_menu_typo_line_height_mobile":0,"ocean_menu_typo_line_height_unit":"","ocean_menu_typo_spacing":0,"ocean_menu_typo_spacing_tablet":0,"ocean_menu_typo_spacing_mobile":0,"ocean_menu_typo_spacing_unit":"","ocean_menu_link_color":"","ocean_menu_link_color_hover":"","ocean_menu_link_color_active":"","ocean_menu_link_background":"","ocean_menu_link_hover_background":"","ocean_menu_link_active_background":"","ocean_menu_social_links_bg":"","ocean_menu_social_hover_links_bg":"","ocean_menu_social_links_color":"","ocean_menu_social_hover_links_color":"","ocean_disable_title":"default","ocean_disable_heading":"default","ocean_post_title":"","ocean_post_subheading":"","ocean_post_title_style":"","ocean_post_title_background_color":"","ocean_post_title_background":0,"ocean_post_title_bg_image_position":"","ocean_post_title_bg_image_attachment":"","ocean_post_title_bg_image_repeat":"","ocean_post_title_bg_image_size":"","ocean_post_title_height":0,"ocean_post_title_bg_overlay":0.5,"ocean_post_title_bg_overlay_color":"","ocean_disable_breadcrumbs":"default","ocean_breadcrumbs_color":"","ocean_breadcrumbs_separator_color":"","ocean_breadcrumbs_links_color":"","ocean_breadcrumbs_links_hover_color":"","ocean_display_footer_widgets":"default","ocean_display_footer_bottom":"default","ocean_custom_footer_template":"0"},"product_brand":[],"product_cat":[110,131,133],"product_tag":[],"class_list":{"0":"post-7749","1":"product","2":"type-product","3":"status-publish","4":"has-post-thumbnail","6":"product_cat-all","7":"product_cat-jewellery","8":"product_cat-rings","9":"product_shipping_class-gabaryt-a","11":"entry","12":"has-media","14":"first","15":"instock","16":"shipping-taxable","17":"purchasable","18":"product-type-simple","19":"has-product-nav","20":"col","21":"span_1_of_3","22":"owp-content-center","23":"item-entry","24":"owp-thumbs-layout-horizontal","25":"owp-btn-normal","26":"owp-tabs-layout-section"},"yoast_head":"<!-- This site is optimized with the Yoast SEO plugin v27.4 - https:\/\/yoast.com\/product\/yoast-seo-wordpress\/ -->\n<title>Pier\u015bcionek z porcelanow\u0105 muszl\u0105 Nautilusem, pudrowy r\u00f3\u017c, regulowany - Lekka - porcelanowa bi\u017cuteria i naczynia<\/title>\n<meta name=\"robots\" content=\"index, follow, max-snippet:-1, max-image-preview:large, max-video-preview:-1\" \/>\n<link rel=\"canonical\" href=\"https:\/\/lekka-store.pl\/en\/produkt\/pierscionek-z-porcelanowa-muszla-nautilusem-pudrowy-roz-regulowany\/\" \/>\n<meta property=\"og:locale\" content=\"en_US\" \/>\n<meta property=\"og:type\" content=\"article\" \/>\n<meta property=\"og:title\" content=\"Pier\u015bcionek z porcelanow\u0105 muszl\u0105 Nautilusem, pudrowy r\u00f3\u017c, regulowany - Lekka - porcelanowa bi\u017cuteria i naczynia\" \/>\n<meta property=\"og:description\" content=\"Pier\u015bcionek z porcelanow\u0105 muszl\u0105 na mosi\u0119\u017cnej, poz\u0142acanej obr\u0105czce. Idealny na lato, ale i na ca\u0142y rok dla tych, kt\u00f3re, jak ja, kochaj\u0105 morze.  Czy porcelanowy pier\u015bcionek ma sens? Sama je nosz\u0119 i wiem, \u017ce w\u0142a\u015bciwie nie da si\u0119 go st\u0142uc. Sama cz\u0119sto o co\u015b uderzam i w toku eksperyment\u00f3w zrobi\u0142am pier\u015bcionki na tyle mocne, \u017ceby te sytuacje nie by\u0142y dla nich gro\u017ane. Za to sama muszla jest w stu procentach wodoodporna - jest zrobiona z porcelany - jak talerz, wi\u0119c \u017cadna woda jej niegro\u017ana. Na materia\u0142 obr\u0105czki wybra\u0142am lekko m\u0142otkowany, poz\u0142acany mosi\u0105dz. Cho\u0107 wszystkie produkty, kt\u00f3re tworz\u0119 montuj\u0119 na stali chirurgicznej - tutaj mosi\u0105dz jest lepszym rozwi\u0105zaniem. Pier\u015bcionki nara\u017cone s\u0105 na wi\u0119cej tarcia ni\u017c kolczyki i zawieszki - a co za tym idzie z\u0142ocenie \u0142atwiej schodzi - ale pod nim jest metal, kt\u00f3ry ma z\u0142oty kolor i pi\u0119knie si\u0119 starzeje. Bo wszystko, co tworz\u0119 jest przemy\u015blane i dopracowane. Ma cieszy\u0107 i s\u0142u\u017cy\u0107.  &nbsp;\" \/>\n<meta property=\"og:url\" content=\"https:\/\/lekka-store.pl\/en\/produkt\/pierscionek-z-porcelanowa-muszla-nautilusem-pudrowy-roz-regulowany\/\" \/>\n<meta property=\"og:site_name\" content=\"Lekka - porcelanowa bi\u017cuteria i naczynia\" \/>\n<meta name=\"twitter:card\" content=\"summary_large_image\" \/>\n<meta name=\"twitter:label1\" content=\"Est. reading time\" \/>\n\t<meta name=\"twitter:data1\" content=\"1 minute\" \/>\n<script type=\"application\/ld+json\" class=\"yoast-schema-graph\">{\"@context\":\"https:\\\/\\\/schema.org\",\"@graph\":[{\"@type\":\"WebPage\",\"@id\":\"https:\\\/\\\/lekka-store.pl\\\/en\\\/produkt\\\/pierscionek-z-porcelanowa-muszla-nautilusem-pudrowy-roz-regulowany\\\/\",\"url\":\"https:\\\/\\\/lekka-store.pl\\\/en\\\/produkt\\\/pierscionek-z-porcelanowa-muszla-nautilusem-pudrowy-roz-regulowany\\\/\",\"name\":\"Pier\u015bcionek z porcelanow\u0105 muszl\u0105 Nautilusem, pudrowy r\u00f3\u017c, regulowany - Lekka - porcelanowa bi\u017cuteria i naczynia\",\"isPartOf\":{\"@id\":\"https:\\\/\\\/lekka-store.pl\\\/en\\\/#website\"},\"primaryImageOfPage\":{\"@id\":\"https:\\\/\\\/lekka-store.pl\\\/en\\\/produkt\\\/pierscionek-z-porcelanowa-muszla-nautilusem-pudrowy-roz-regulowany\\\/#primaryimage\"},\"image\":{\"@id\":\"https:\\\/\\\/lekka-store.pl\\\/en\\\/produkt\\\/pierscionek-z-porcelanowa-muszla-nautilusem-pudrowy-roz-regulowany\\\/#primaryimage\"},\"thumbnailUrl\":\"https:\\\/\\\/lekka-store.pl\\\/wp-content\\\/uploads\\\/2025\\\/05\\\/pierscionek-porcelanowy-wodoodporny-98.jpg\",\"datePublished\":\"2025-05-26T14:53:11+00:00\",\"breadcrumb\":{\"@id\":\"https:\\\/\\\/lekka-store.pl\\\/en\\\/produkt\\\/pierscionek-z-porcelanowa-muszla-nautilusem-pudrowy-roz-regulowany\\\/#breadcrumb\"},\"inLanguage\":\"en-US\",\"potentialAction\":[{\"@type\":\"ReadAction\",\"target\":[\"https:\\\/\\\/lekka-store.pl\\\/en\\\/produkt\\\/pierscionek-z-porcelanowa-muszla-nautilusem-pudrowy-roz-regulowany\\\/\"]}]},{\"@type\":\"ImageObject\",\"inLanguage\":\"en-US\",\"@id\":\"https:\\\/\\\/lekka-store.pl\\\/en\\\/produkt\\\/pierscionek-z-porcelanowa-muszla-nautilusem-pudrowy-roz-regulowany\\\/#primaryimage\",\"url\":\"https:\\\/\\\/lekka-store.pl\\\/wp-content\\\/uploads\\\/2025\\\/05\\\/pierscionek-porcelanowy-wodoodporny-98.jpg\",\"contentUrl\":\"https:\\\/\\\/lekka-store.pl\\\/wp-content\\\/uploads\\\/2025\\\/05\\\/pierscionek-porcelanowy-wodoodporny-98.jpg\",\"width\":1200,\"height\":1500},{\"@type\":\"BreadcrumbList\",\"@id\":\"https:\\\/\\\/lekka-store.pl\\\/en\\\/produkt\\\/pierscionek-z-porcelanowa-muszla-nautilusem-pudrowy-roz-regulowany\\\/#breadcrumb\",\"itemListElement\":[{\"@type\":\"ListItem\",\"position\":1,\"name\":\"Strona g\u0142\u00f3wna\",\"item\":\"https:\\\/\\\/lekka-store.pl\\\/en\\\/\"},{\"@type\":\"ListItem\",\"position\":2,\"name\":\"Shop\",\"item\":\"https:\\\/\\\/lekka-store.pl\\\/en\\\/shop\\\/\"},{\"@type\":\"ListItem\",\"position\":3,\"name\":\"Pier\u015bcionek z porcelanow\u0105 muszl\u0105 Nautilusem, pudrowy r\u00f3\u017c, regulowany\"}]},{\"@type\":\"WebSite\",\"@id\":\"https:\\\/\\\/lekka-store.pl\\\/en\\\/#website\",\"url\":\"https:\\\/\\\/lekka-store.pl\\\/en\\\/\",\"name\":\"Lekka - porcelanowa bi\u017cuteria i naczynia\",\"description\":\"Porcelanowa bi\u017cuteria i naczynia\",\"publisher\":{\"@id\":\"https:\\\/\\\/lekka-store.pl\\\/en\\\/#organization\"},\"potentialAction\":[{\"@type\":\"SearchAction\",\"target\":{\"@type\":\"EntryPoint\",\"urlTemplate\":\"https:\\\/\\\/lekka-store.pl\\\/en\\\/?s={search_term_string}\"},\"query-input\":{\"@type\":\"PropertyValueSpecification\",\"valueRequired\":true,\"valueName\":\"search_term_string\"}}],\"inLanguage\":\"en-US\"},{\"@type\":\"Organization\",\"@id\":\"https:\\\/\\\/lekka-store.pl\\\/en\\\/#organization\",\"name\":\"Lekka - porcelanowa bi\u017cuteria i naczynia\",\"url\":\"https:\\\/\\\/lekka-store.pl\\\/en\\\/\",\"logo\":{\"@type\":\"ImageObject\",\"inLanguage\":\"en-US\",\"@id\":\"https:\\\/\\\/lekka-store.pl\\\/en\\\/#\\\/schema\\\/logo\\\/image\\\/\",\"url\":\"https:\\\/\\\/lekka-store.pl\\\/wp-content\\\/uploads\\\/2020\\\/05\\\/Asset-17.png\",\"contentUrl\":\"https:\\\/\\\/lekka-store.pl\\\/wp-content\\\/uploads\\\/2020\\\/05\\\/Asset-17.png\",\"width\":255,\"height\":100,\"caption\":\"Lekka - porcelanowa bi\u017cuteria i naczynia\"},\"image\":{\"@id\":\"https:\\\/\\\/lekka-store.pl\\\/en\\\/#\\\/schema\\\/logo\\\/image\\\/\"}}]}<\/script>\n<!-- \/ Yoast SEO plugin. -->","yoast_head_json":{"title":"Pier\u015bcionek z porcelanow\u0105 muszl\u0105 Nautilusem, pudrowy r\u00f3\u017c, regulowany - Lekka - porcelanowa bi\u017cuteria i naczynia","robots":{"index":"index","follow":"follow","max-snippet":"max-snippet:-1","max-image-preview":"max-image-preview:large","max-video-preview":"max-video-preview:-1"},"canonical":"https:\/\/lekka-store.pl\/en\/produkt\/pierscionek-z-porcelanowa-muszla-nautilusem-pudrowy-roz-regulowany\/","og_locale":"en_US","og_type":"article","og_title":"Pier\u015bcionek z porcelanow\u0105 muszl\u0105 Nautilusem, pudrowy r\u00f3\u017c, regulowany - Lekka - porcelanowa bi\u017cuteria i naczynia","og_description":"Pier\u015bcionek z porcelanow\u0105 muszl\u0105 na mosi\u0119\u017cnej, poz\u0142acanej obr\u0105czce. Idealny na lato, ale i na ca\u0142y rok dla tych, kt\u00f3re, jak ja, kochaj\u0105 morze.  Czy porcelanowy pier\u015bcionek ma sens? Sama je nosz\u0119 i wiem, \u017ce w\u0142a\u015bciwie nie da si\u0119 go st\u0142uc. Sama cz\u0119sto o co\u015b uderzam i w toku eksperyment\u00f3w zrobi\u0142am pier\u015bcionki na tyle mocne, \u017ceby te sytuacje nie by\u0142y dla nich gro\u017ane. Za to sama muszla jest w stu procentach wodoodporna - jest zrobiona z porcelany - jak talerz, wi\u0119c \u017cadna woda jej niegro\u017ana. Na materia\u0142 obr\u0105czki wybra\u0142am lekko m\u0142otkowany, poz\u0142acany mosi\u0105dz. Cho\u0107 wszystkie produkty, kt\u00f3re tworz\u0119 montuj\u0119 na stali chirurgicznej - tutaj mosi\u0105dz jest lepszym rozwi\u0105zaniem. Pier\u015bcionki nara\u017cone s\u0105 na wi\u0119cej tarcia ni\u017c kolczyki i zawieszki - a co za tym idzie z\u0142ocenie \u0142atwiej schodzi - ale pod nim jest metal, kt\u00f3ry ma z\u0142oty kolor i pi\u0119knie si\u0119 starzeje. Bo wszystko, co tworz\u0119 jest przemy\u015blane i dopracowane. Ma cieszy\u0107 i s\u0142u\u017cy\u0107.  &nbsp;","og_url":"https:\/\/lekka-store.pl\/en\/produkt\/pierscionek-z-porcelanowa-muszla-nautilusem-pudrowy-roz-regulowany\/","og_site_name":"Lekka - porcelanowa bi\u017cuteria i naczynia","twitter_card":"summary_large_image","twitter_misc":{"Est. reading time":"1 minute"},"schema":{"@context":"https:\/\/schema.org","@graph":[{"@type":"WebPage","@id":"https:\/\/lekka-store.pl\/en\/produkt\/pierscionek-z-porcelanowa-muszla-nautilusem-pudrowy-roz-regulowany\/","url":"https:\/\/lekka-store.pl\/en\/produkt\/pierscionek-z-porcelanowa-muszla-nautilusem-pudrowy-roz-regulowany\/","name":"Pier\u015bcionek z porcelanow\u0105 muszl\u0105 Nautilusem, pudrowy r\u00f3\u017c, regulowany - Lekka - porcelanowa bi\u017cuteria i naczynia","isPartOf":{"@id":"https:\/\/lekka-store.pl\/en\/#website"},"primaryImageOfPage":{"@id":"https:\/\/lekka-store.pl\/en\/produkt\/pierscionek-z-porcelanowa-muszla-nautilusem-pudrowy-roz-regulowany\/#primaryimage"},"image":{"@id":"https:\/\/lekka-store.pl\/en\/produkt\/pierscionek-z-porcelanowa-muszla-nautilusem-pudrowy-roz-regulowany\/#primaryimage"},"thumbnailUrl":"https:\/\/lekka-store.pl\/wp-content\/uploads\/2025\/05\/pierscionek-porcelanowy-wodoodporny-98.jpg","datePublished":"2025-05-26T14:53:11+00:00","breadcrumb":{"@id":"https:\/\/lekka-store.pl\/en\/produkt\/pierscionek-z-porcelanowa-muszla-nautilusem-pudrowy-roz-regulowany\/#breadcrumb"},"inLanguage":"en-US","potentialAction":[{"@type":"ReadAction","target":["https:\/\/lekka-store.pl\/en\/produkt\/pierscionek-z-porcelanowa-muszla-nautilusem-pudrowy-roz-regulowany\/"]}]},{"@type":"ImageObject","inLanguage":"en-US","@id":"https:\/\/lekka-store.pl\/en\/produkt\/pierscionek-z-porcelanowa-muszla-nautilusem-pudrowy-roz-regulowany\/#primaryimage","url":"https:\/\/lekka-store.pl\/wp-content\/uploads\/2025\/05\/pierscionek-porcelanowy-wodoodporny-98.jpg","contentUrl":"https:\/\/lekka-store.pl\/wp-content\/uploads\/2025\/05\/pierscionek-porcelanowy-wodoodporny-98.jpg","width":1200,"height":1500},{"@type":"BreadcrumbList","@id":"https:\/\/lekka-store.pl\/en\/produkt\/pierscionek-z-porcelanowa-muszla-nautilusem-pudrowy-roz-regulowany\/#breadcrumb","itemListElement":[{"@type":"ListItem","position":1,"name":"Strona g\u0142\u00f3wna","item":"https:\/\/lekka-store.pl\/en\/"},{"@type":"ListItem","position":2,"name":"Shop","item":"https:\/\/lekka-store.pl\/en\/shop\/"},{"@type":"ListItem","position":3,"name":"Pier\u015bcionek z porcelanow\u0105 muszl\u0105 Nautilusem, pudrowy r\u00f3\u017c, regulowany"}]},{"@type":"WebSite","@id":"https:\/\/lekka-store.pl\/en\/#website","url":"https:\/\/lekka-store.pl\/en\/","name":"Lekka - porcelanowa bi\u017cuteria i naczynia","description":"Porcelanowa bi\u017cuteria i naczynia","publisher":{"@id":"https:\/\/lekka-store.pl\/en\/#organization"},"potentialAction":[{"@type":"SearchAction","target":{"@type":"EntryPoint","urlTemplate":"https:\/\/lekka-store.pl\/en\/?s={search_term_string}"},"query-input":{"@type":"PropertyValueSpecification","valueRequired":true,"valueName":"search_term_string"}}],"inLanguage":"en-US"},{"@type":"Organization","@id":"https:\/\/lekka-store.pl\/en\/#organization","name":"Lekka - porcelanowa bi\u017cuteria i naczynia","url":"https:\/\/lekka-store.pl\/en\/","logo":{"@type":"ImageObject","inLanguage":"en-US","@id":"https:\/\/lekka-store.pl\/en\/#\/schema\/logo\/image\/","url":"https:\/\/lekka-store.pl\/wp-content\/uploads\/2020\/05\/Asset-17.png","contentUrl":"https:\/\/lekka-store.pl\/wp-content\/uploads\/2020\/05\/Asset-17.png","width":255,"height":100,"caption":"Lekka - porcelanowa bi\u017cuteria i naczynia"},"image":{"@id":"https:\/\/lekka-store.pl\/en\/#\/schema\/logo\/image\/"}}]}},"_links":{"self":[{"href":"https:\/\/lekka-store.pl\/en\/wp-json\/wp\/v2\/product\/7749","targetHints":{"allow":["GET"]}}],"collection":[{"href":"https:\/\/lekka-store.pl\/en\/wp-json\/wp\/v2\/product"}],"about":[{"href":"https:\/\/lekka-store.pl\/en\/wp-json\/wp\/v2\/types\/product"}],"wp:featuredmedia":[{"embeddable":true,"href":"https:\/\/lekka-store.pl\/en\/wp-json\/wp\/v2\/media\/7751"}],"wp:attachment":[{"href":"https:\/\/lekka-store.pl\/en\/wp-json\/wp\/v2\/media?parent=7749"}],"wp:term":[{"taxonomy":"product_brand","embeddable":true,"href":"https:\/\/lekka-store.pl\/en\/wp-json\/wp\/v2\/product_brand?post=7749"},{"taxonomy":"product_cat","embeddable":true,"href":"https:\/\/lekka-store.pl\/en\/wp-json\/wp\/v2\/product_cat?post=7749"},{"taxonomy":"product_tag","embeddable":true,"href":"https:\/\/lekka-store.pl\/en\/wp-json\/wp\/v2\/product_tag?post=7749"}],"curies":[{"name":"wp","href":"https:\/\/api.w.org\/{rel}","templated":true}]}}