{"id":7740,"date":"2025-11-20T18:25:50","date_gmt":"2025-11-20T17:25:50","guid":{"rendered":"https:\/\/lekka-store.pl\/produkt\/plaskorzezba-na-sciane-tafla-wody-biala\/"},"modified":"2026-04-09T16:44:51","modified_gmt":"2026-04-09T14:44:51","slug":"plaskorzezba-na-sciane-tafla-wody-biala-2","status":"publish","type":"product","link":"https:\/\/lekka-store.pl\/en\/produkt\/plaskorzezba-na-sciane-tafla-wody-biala-2\/","title":{"rendered":"Porcelain Wall Object &#8220;Water Surface&#8221;, white"},"content":{"rendered":"<p><span data-tt=\"{&quot;paragraphStyle&quot;:{&quot;alignment&quot;:4,&quot;writingDirection&quot;:1}}\">Nie wiem jak Ty, ale ja uwielbiam patrze\u0107 na faluj\u0105c\u0105 powierzchni\u0119 wody. Te momenty kiedy <\/span><span data-tt=\"{&quot;paragraphStyle&quot;:{&quot;alignment&quot;:4,&quot;writingDirection&quot;:1}}\">zwieszam stopy z pomostu, zanurzam je w ch\u0142odzie i patrz\u0119 na jak wiele sposob\u00f3w marszczy si\u0119 tafla s\u0105 jednymi z pi\u0119kniejszych w \u017cyciu. <\/span><\/p>\n<p><span data-tt=\"{&quot;paragraphStyle&quot;:{&quot;alignment&quot;:4,&quot;writingDirection&quot;:1}}\">Albo gdy le\u017c\u0119 na nagrzanym pok\u0142adzie \u017cagl\u00f3wki, wszystko leniwie faluje, s\u0142o\u0144ce pra\u017cy mnie w odkryte plecy, a ja patrz\u0119 na fale co chwile zmieniane wiatrem. <\/span><\/p>\n<p><span data-tt=\"{&quot;paragraphStyle&quot;:{&quot;alignment&quot;:4,&quot;writingDirection&quot;:1}}\">Czy po prostu jest zach\u00f3d s\u0142o\u0144ca na Mazurach, brodz\u0119 po kolana w jeziorze, popijam wino z blaszanego kubka i nie mog\u0119 si\u0119 nadziwi\u0107 jak tu pi\u0119knie i szcz\u0119\u015bliwie. I wiem, \u017ce za chwil\u0119 b\u0119dzie jeszcze pi\u0119kniej i szcz\u0119\u015bliwiej &#8211; bo usi\u0105dziemy razem przy ognisku, b\u0119dziemy je\u015b\u0107, \u015bpiewa\u0107 i rozmawia\u0107 &#8211; a\u017c s\u0142o\u0144ce po raz drugi roz\u015bwietli fale na jeziorze. <\/span><\/p>\n<p><span data-tt=\"{&quot;paragraphStyle&quot;:{&quot;alignment&quot;:4,&quot;writingDirection&quot;:1}}\">Ta p\u0142askorze\u017aba jest dla mnie opowie\u015bci\u0105 o tych wszystkich chwilach nad wod\u0105 &#8211; a tam jestem zwykle najszcz\u0119\u015bliwsza. <\/span><\/p>\n<p><span data-tt=\"{&quot;paragraphStyle&quot;:{&quot;alignment&quot;:4,&quot;writingDirection&quot;:1}}\">Zaprojektowa\u0142am j\u0105 tak, \u017ceby by\u0142a jak najbardziej realistyczna, \u015bwiat\u0142o ta\u0144czy na niej (prawie dok\u0142adnie) tak, jak na powierzchni w Twojej ukochanej zatoczce. <\/span><\/p>\n<p><span data-tt=\"{&quot;paragraphStyle&quot;:{&quot;alignment&quot;:4,&quot;writingDirection&quot;:1}}\">Ka\u017cd\u0105 z nich sama odlewam z porcelany w formie, kt\u00f3r\u0105 zrobi\u0142am. A potem susz\u0119, retuszuj\u0119 i szkliwi\u0119, \u017ceby l\u015bni\u0142a jak tafla Ba\u0142tyku w s\u0142oneczny dzie\u0144. Jeszcze tylko wypa\u0142 w 1250 stopniach i mo\u017ce trafi\u0107 na Twoj\u0105 \u015bcian\u0119.<\/span><\/p>\n<p><span data-tt=\"{&quot;paragraphStyle&quot;:{&quot;alignment&quot;:4,&quot;writingDirection&quot;:1}}\">Wymiary: \u015brednia ok. 15,5 cm.<\/span><\/p>\n<p>Materia\u0142: porcelana i metalowa, wbudowana zawieszka.<\/p>\n<p><span data-tt=\"{&quot;paragraphStyle&quot;:{&quot;alignment&quot;:4,&quot;writingDirection&quot;:1}}\">Tafle wody dost\u0119pne s\u0105 w 3 kolorach: celadon, kobalt i klasyczna biel. Ka\u017cda z nich ma z ty\u0142u zawieszk\u0119 do powieszenia na \u015bcianie.\u00a0<\/span><\/p>\n","protected":false},"excerpt":{"rendered":"<p>Nie wiem jak Ty, ale ja uwielbiam patrze\u0107 na faluj\u0105c\u0105 powierzchni\u0119 wody. Te momenty kiedy zwieszam stopy z pomostu, zanurzam je w ch\u0142odzie i patrz\u0119 na jak wiele sposob\u00f3w marszczy si\u0119 tafla s\u0105 jednymi z pi\u0119kniejszych w \u017cyciu. Albo gdy le\u017c\u0119 na nagrzanym pok\u0142adzie \u017cagl\u00f3wki, wszystko leniwie faluje, s\u0142o\u0144ce pra\u017cy mnie w odkryte plecy, a [&hellip;]<\/p>\n","protected":false},"featured_media":7742,"template":"","meta":{"ocean_post_layout":"","ocean_both_sidebars_style":"","ocean_both_sidebars_content_width":0,"ocean_both_sidebars_sidebars_width":0,"ocean_sidebar":"0","ocean_second_sidebar":"0","ocean_disable_margins":"enable","ocean_add_body_class":"","ocean_shortcode_before_top_bar":"","ocean_shortcode_after_top_bar":"","ocean_shortcode_before_header":"","ocean_shortcode_after_header":"","ocean_has_shortcode":"","ocean_shortcode_after_title":"","ocean_shortcode_before_footer_widgets":"","ocean_shortcode_after_footer_widgets":"","ocean_shortcode_before_footer_bottom":"","ocean_shortcode_after_footer_bottom":"","ocean_display_top_bar":"default","ocean_display_header":"default","ocean_header_style":"","ocean_center_header_left_menu":"0","ocean_custom_header_template":"0","ocean_custom_logo":0,"ocean_custom_retina_logo":0,"ocean_custom_logo_max_width":0,"ocean_custom_logo_tablet_max_width":0,"ocean_custom_logo_mobile_max_width":0,"ocean_custom_logo_max_height":0,"ocean_custom_logo_tablet_max_height":0,"ocean_custom_logo_mobile_max_height":0,"ocean_header_custom_menu":"0","ocean_menu_typo_font_family":"0","ocean_menu_typo_font_subset":"","ocean_menu_typo_font_size":0,"ocean_menu_typo_font_size_tablet":0,"ocean_menu_typo_font_size_mobile":0,"ocean_menu_typo_font_size_unit":"px","ocean_menu_typo_font_weight":"","ocean_menu_typo_font_weight_tablet":"","ocean_menu_typo_font_weight_mobile":"","ocean_menu_typo_transform":"","ocean_menu_typo_transform_tablet":"","ocean_menu_typo_transform_mobile":"","ocean_menu_typo_line_height":0,"ocean_menu_typo_line_height_tablet":0,"ocean_menu_typo_line_height_mobile":0,"ocean_menu_typo_line_height_unit":"","ocean_menu_typo_spacing":0,"ocean_menu_typo_spacing_tablet":0,"ocean_menu_typo_spacing_mobile":0,"ocean_menu_typo_spacing_unit":"","ocean_menu_link_color":"","ocean_menu_link_color_hover":"","ocean_menu_link_color_active":"","ocean_menu_link_background":"","ocean_menu_link_hover_background":"","ocean_menu_link_active_background":"","ocean_menu_social_links_bg":"","ocean_menu_social_hover_links_bg":"","ocean_menu_social_links_color":"","ocean_menu_social_hover_links_color":"","ocean_disable_title":"default","ocean_disable_heading":"default","ocean_post_title":"","ocean_post_subheading":"","ocean_post_title_style":"","ocean_post_title_background_color":"","ocean_post_title_background":0,"ocean_post_title_bg_image_position":"","ocean_post_title_bg_image_attachment":"","ocean_post_title_bg_image_repeat":"","ocean_post_title_bg_image_size":"","ocean_post_title_height":0,"ocean_post_title_bg_overlay":0.5,"ocean_post_title_bg_overlay_color":"","ocean_disable_breadcrumbs":"default","ocean_breadcrumbs_color":"","ocean_breadcrumbs_separator_color":"","ocean_breadcrumbs_links_color":"","ocean_breadcrumbs_links_hover_color":"","ocean_display_footer_widgets":"default","ocean_display_footer_bottom":"default","ocean_custom_footer_template":"0"},"product_brand":[],"product_cat":[110,109],"product_tag":[],"class_list":{"0":"post-7740","1":"product","2":"type-product","3":"status-publish","4":"has-post-thumbnail","6":"product_cat-all","7":"product_cat-preorder-zolwi-i-wody-na-sciane","8":"product_shipping_class-gabaryt-a","10":"entry","11":"has-media","13":"first","14":"instock","15":"shipping-taxable","16":"purchasable","17":"product-type-simple","18":"has-product-nav","19":"col","20":"span_1_of_3","21":"owp-content-center","22":"item-entry","23":"owp-thumbs-layout-horizontal","24":"owp-btn-normal","25":"owp-tabs-layout-section"},"yoast_head":"<!-- This site is optimized with the Yoast SEO plugin v27.4 - https:\/\/yoast.com\/product\/yoast-seo-wordpress\/ -->\n<title>Porcelain Wall Object &quot;Water Surface&quot;, white - Lekka - porcelanowa bi\u017cuteria i naczynia<\/title>\n<meta name=\"robots\" content=\"index, follow, max-snippet:-1, max-image-preview:large, max-video-preview:-1\" \/>\n<link rel=\"canonical\" href=\"https:\/\/lekka-store.pl\/en\/produkt\/plaskorzezba-na-sciane-tafla-wody-biala-2\/\" \/>\n<meta property=\"og:locale\" content=\"en_US\" \/>\n<meta property=\"og:type\" content=\"article\" \/>\n<meta property=\"og:title\" content=\"Porcelain Wall Object &quot;Water Surface&quot;, white - Lekka - porcelanowa bi\u017cuteria i naczynia\" \/>\n<meta property=\"og:description\" content=\"Nie wiem jak Ty, ale ja uwielbiam patrze\u0107 na faluj\u0105c\u0105 powierzchni\u0119 wody. Te momenty kiedy zwieszam stopy z pomostu, zanurzam je w ch\u0142odzie i patrz\u0119 na jak wiele sposob\u00f3w marszczy si\u0119 tafla s\u0105 jednymi z pi\u0119kniejszych w \u017cyciu. Albo gdy le\u017c\u0119 na nagrzanym pok\u0142adzie \u017cagl\u00f3wki, wszystko leniwie faluje, s\u0142o\u0144ce pra\u017cy mnie w odkryte plecy, a [&hellip;]\" \/>\n<meta property=\"og:url\" content=\"https:\/\/lekka-store.pl\/en\/produkt\/plaskorzezba-na-sciane-tafla-wody-biala-2\/\" \/>\n<meta property=\"og:site_name\" content=\"Lekka - porcelanowa bi\u017cuteria i naczynia\" \/>\n<meta property=\"article:modified_time\" content=\"2026-04-09T14:44:51+00:00\" \/>\n<meta property=\"og:image\" content=\"https:\/\/lekka-store.pl\/wp-content\/uploads\/2025\/11\/tafla-wody-na-sciane-3.jpg\" \/>\n\t<meta property=\"og:image:width\" content=\"1080\" \/>\n\t<meta property=\"og:image:height\" content=\"1350\" \/>\n\t<meta property=\"og:image:type\" content=\"image\/jpeg\" \/>\n<meta name=\"twitter:card\" content=\"summary_large_image\" \/>\n<meta name=\"twitter:label1\" content=\"Est. reading time\" \/>\n\t<meta name=\"twitter:data1\" content=\"2 minutes\" \/>\n<script type=\"application\/ld+json\" class=\"yoast-schema-graph\">{\"@context\":\"https:\\\/\\\/schema.org\",\"@graph\":[{\"@type\":\"WebPage\",\"@id\":\"https:\\\/\\\/lekka-store.pl\\\/en\\\/produkt\\\/plaskorzezba-na-sciane-tafla-wody-biala-2\\\/\",\"url\":\"https:\\\/\\\/lekka-store.pl\\\/en\\\/produkt\\\/plaskorzezba-na-sciane-tafla-wody-biala-2\\\/\",\"name\":\"Porcelain Wall Object \\\"Water Surface\\\", white - Lekka - porcelanowa bi\u017cuteria i naczynia\",\"isPartOf\":{\"@id\":\"https:\\\/\\\/lekka-store.pl\\\/en\\\/#website\"},\"primaryImageOfPage\":{\"@id\":\"https:\\\/\\\/lekka-store.pl\\\/en\\\/produkt\\\/plaskorzezba-na-sciane-tafla-wody-biala-2\\\/#primaryimage\"},\"image\":{\"@id\":\"https:\\\/\\\/lekka-store.pl\\\/en\\\/produkt\\\/plaskorzezba-na-sciane-tafla-wody-biala-2\\\/#primaryimage\"},\"thumbnailUrl\":\"https:\\\/\\\/lekka-store.pl\\\/wp-content\\\/uploads\\\/2025\\\/11\\\/tafla-wody-na-sciane-3.jpg\",\"datePublished\":\"2025-11-20T17:25:50+00:00\",\"dateModified\":\"2026-04-09T14:44:51+00:00\",\"breadcrumb\":{\"@id\":\"https:\\\/\\\/lekka-store.pl\\\/en\\\/produkt\\\/plaskorzezba-na-sciane-tafla-wody-biala-2\\\/#breadcrumb\"},\"inLanguage\":\"en-US\",\"potentialAction\":[{\"@type\":\"ReadAction\",\"target\":[\"https:\\\/\\\/lekka-store.pl\\\/en\\\/produkt\\\/plaskorzezba-na-sciane-tafla-wody-biala-2\\\/\"]}]},{\"@type\":\"ImageObject\",\"inLanguage\":\"en-US\",\"@id\":\"https:\\\/\\\/lekka-store.pl\\\/en\\\/produkt\\\/plaskorzezba-na-sciane-tafla-wody-biala-2\\\/#primaryimage\",\"url\":\"https:\\\/\\\/lekka-store.pl\\\/wp-content\\\/uploads\\\/2025\\\/11\\\/tafla-wody-na-sciane-3.jpg\",\"contentUrl\":\"https:\\\/\\\/lekka-store.pl\\\/wp-content\\\/uploads\\\/2025\\\/11\\\/tafla-wody-na-sciane-3.jpg\",\"width\":1080,\"height\":1350},{\"@type\":\"BreadcrumbList\",\"@id\":\"https:\\\/\\\/lekka-store.pl\\\/en\\\/produkt\\\/plaskorzezba-na-sciane-tafla-wody-biala-2\\\/#breadcrumb\",\"itemListElement\":[{\"@type\":\"ListItem\",\"position\":1,\"name\":\"Strona g\u0142\u00f3wna\",\"item\":\"https:\\\/\\\/lekka-store.pl\\\/en\\\/\"},{\"@type\":\"ListItem\",\"position\":2,\"name\":\"Shop\",\"item\":\"https:\\\/\\\/lekka-store.pl\\\/en\\\/shop\\\/\"},{\"@type\":\"ListItem\",\"position\":3,\"name\":\"Porcelain Wall Object &#8222;Water Surface&#8221;, white\"}]},{\"@type\":\"WebSite\",\"@id\":\"https:\\\/\\\/lekka-store.pl\\\/en\\\/#website\",\"url\":\"https:\\\/\\\/lekka-store.pl\\\/en\\\/\",\"name\":\"Lekka - porcelanowa bi\u017cuteria i naczynia\",\"description\":\"Porcelanowa bi\u017cuteria i naczynia\",\"publisher\":{\"@id\":\"https:\\\/\\\/lekka-store.pl\\\/en\\\/#organization\"},\"potentialAction\":[{\"@type\":\"SearchAction\",\"target\":{\"@type\":\"EntryPoint\",\"urlTemplate\":\"https:\\\/\\\/lekka-store.pl\\\/en\\\/?s={search_term_string}\"},\"query-input\":{\"@type\":\"PropertyValueSpecification\",\"valueRequired\":true,\"valueName\":\"search_term_string\"}}],\"inLanguage\":\"en-US\"},{\"@type\":\"Organization\",\"@id\":\"https:\\\/\\\/lekka-store.pl\\\/en\\\/#organization\",\"name\":\"Lekka - porcelanowa bi\u017cuteria i naczynia\",\"url\":\"https:\\\/\\\/lekka-store.pl\\\/en\\\/\",\"logo\":{\"@type\":\"ImageObject\",\"inLanguage\":\"en-US\",\"@id\":\"https:\\\/\\\/lekka-store.pl\\\/en\\\/#\\\/schema\\\/logo\\\/image\\\/\",\"url\":\"https:\\\/\\\/lekka-store.pl\\\/wp-content\\\/uploads\\\/2020\\\/05\\\/Asset-17.png\",\"contentUrl\":\"https:\\\/\\\/lekka-store.pl\\\/wp-content\\\/uploads\\\/2020\\\/05\\\/Asset-17.png\",\"width\":255,\"height\":100,\"caption\":\"Lekka - porcelanowa bi\u017cuteria i naczynia\"},\"image\":{\"@id\":\"https:\\\/\\\/lekka-store.pl\\\/en\\\/#\\\/schema\\\/logo\\\/image\\\/\"}}]}<\/script>\n<!-- \/ Yoast SEO plugin. -->","yoast_head_json":{"title":"Porcelain Wall Object \"Water Surface\", white - Lekka - porcelanowa bi\u017cuteria i naczynia","robots":{"index":"index","follow":"follow","max-snippet":"max-snippet:-1","max-image-preview":"max-image-preview:large","max-video-preview":"max-video-preview:-1"},"canonical":"https:\/\/lekka-store.pl\/en\/produkt\/plaskorzezba-na-sciane-tafla-wody-biala-2\/","og_locale":"en_US","og_type":"article","og_title":"Porcelain Wall Object \"Water Surface\", white - Lekka - porcelanowa bi\u017cuteria i naczynia","og_description":"Nie wiem jak Ty, ale ja uwielbiam patrze\u0107 na faluj\u0105c\u0105 powierzchni\u0119 wody. Te momenty kiedy zwieszam stopy z pomostu, zanurzam je w ch\u0142odzie i patrz\u0119 na jak wiele sposob\u00f3w marszczy si\u0119 tafla s\u0105 jednymi z pi\u0119kniejszych w \u017cyciu. Albo gdy le\u017c\u0119 na nagrzanym pok\u0142adzie \u017cagl\u00f3wki, wszystko leniwie faluje, s\u0142o\u0144ce pra\u017cy mnie w odkryte plecy, a [&hellip;]","og_url":"https:\/\/lekka-store.pl\/en\/produkt\/plaskorzezba-na-sciane-tafla-wody-biala-2\/","og_site_name":"Lekka - porcelanowa bi\u017cuteria i naczynia","article_modified_time":"2026-04-09T14:44:51+00:00","og_image":[{"width":1080,"height":1350,"url":"https:\/\/lekka-store.pl\/wp-content\/uploads\/2025\/11\/tafla-wody-na-sciane-3.jpg","type":"image\/jpeg"}],"twitter_card":"summary_large_image","twitter_misc":{"Est. reading time":"2 minutes"},"schema":{"@context":"https:\/\/schema.org","@graph":[{"@type":"WebPage","@id":"https:\/\/lekka-store.pl\/en\/produkt\/plaskorzezba-na-sciane-tafla-wody-biala-2\/","url":"https:\/\/lekka-store.pl\/en\/produkt\/plaskorzezba-na-sciane-tafla-wody-biala-2\/","name":"Porcelain Wall Object \"Water Surface\", white - Lekka - porcelanowa bi\u017cuteria i naczynia","isPartOf":{"@id":"https:\/\/lekka-store.pl\/en\/#website"},"primaryImageOfPage":{"@id":"https:\/\/lekka-store.pl\/en\/produkt\/plaskorzezba-na-sciane-tafla-wody-biala-2\/#primaryimage"},"image":{"@id":"https:\/\/lekka-store.pl\/en\/produkt\/plaskorzezba-na-sciane-tafla-wody-biala-2\/#primaryimage"},"thumbnailUrl":"https:\/\/lekka-store.pl\/wp-content\/uploads\/2025\/11\/tafla-wody-na-sciane-3.jpg","datePublished":"2025-11-20T17:25:50+00:00","dateModified":"2026-04-09T14:44:51+00:00","breadcrumb":{"@id":"https:\/\/lekka-store.pl\/en\/produkt\/plaskorzezba-na-sciane-tafla-wody-biala-2\/#breadcrumb"},"inLanguage":"en-US","potentialAction":[{"@type":"ReadAction","target":["https:\/\/lekka-store.pl\/en\/produkt\/plaskorzezba-na-sciane-tafla-wody-biala-2\/"]}]},{"@type":"ImageObject","inLanguage":"en-US","@id":"https:\/\/lekka-store.pl\/en\/produkt\/plaskorzezba-na-sciane-tafla-wody-biala-2\/#primaryimage","url":"https:\/\/lekka-store.pl\/wp-content\/uploads\/2025\/11\/tafla-wody-na-sciane-3.jpg","contentUrl":"https:\/\/lekka-store.pl\/wp-content\/uploads\/2025\/11\/tafla-wody-na-sciane-3.jpg","width":1080,"height":1350},{"@type":"BreadcrumbList","@id":"https:\/\/lekka-store.pl\/en\/produkt\/plaskorzezba-na-sciane-tafla-wody-biala-2\/#breadcrumb","itemListElement":[{"@type":"ListItem","position":1,"name":"Strona g\u0142\u00f3wna","item":"https:\/\/lekka-store.pl\/en\/"},{"@type":"ListItem","position":2,"name":"Shop","item":"https:\/\/lekka-store.pl\/en\/shop\/"},{"@type":"ListItem","position":3,"name":"Porcelain Wall Object &#8222;Water Surface&#8221;, white"}]},{"@type":"WebSite","@id":"https:\/\/lekka-store.pl\/en\/#website","url":"https:\/\/lekka-store.pl\/en\/","name":"Lekka - porcelanowa bi\u017cuteria i naczynia","description":"Porcelanowa bi\u017cuteria i naczynia","publisher":{"@id":"https:\/\/lekka-store.pl\/en\/#organization"},"potentialAction":[{"@type":"SearchAction","target":{"@type":"EntryPoint","urlTemplate":"https:\/\/lekka-store.pl\/en\/?s={search_term_string}"},"query-input":{"@type":"PropertyValueSpecification","valueRequired":true,"valueName":"search_term_string"}}],"inLanguage":"en-US"},{"@type":"Organization","@id":"https:\/\/lekka-store.pl\/en\/#organization","name":"Lekka - porcelanowa bi\u017cuteria i naczynia","url":"https:\/\/lekka-store.pl\/en\/","logo":{"@type":"ImageObject","inLanguage":"en-US","@id":"https:\/\/lekka-store.pl\/en\/#\/schema\/logo\/image\/","url":"https:\/\/lekka-store.pl\/wp-content\/uploads\/2020\/05\/Asset-17.png","contentUrl":"https:\/\/lekka-store.pl\/wp-content\/uploads\/2020\/05\/Asset-17.png","width":255,"height":100,"caption":"Lekka - porcelanowa bi\u017cuteria i naczynia"},"image":{"@id":"https:\/\/lekka-store.pl\/en\/#\/schema\/logo\/image\/"}}]}},"_links":{"self":[{"href":"https:\/\/lekka-store.pl\/en\/wp-json\/wp\/v2\/product\/7740","targetHints":{"allow":["GET"]}}],"collection":[{"href":"https:\/\/lekka-store.pl\/en\/wp-json\/wp\/v2\/product"}],"about":[{"href":"https:\/\/lekka-store.pl\/en\/wp-json\/wp\/v2\/types\/product"}],"wp:featuredmedia":[{"embeddable":true,"href":"https:\/\/lekka-store.pl\/en\/wp-json\/wp\/v2\/media\/7742"}],"wp:attachment":[{"href":"https:\/\/lekka-store.pl\/en\/wp-json\/wp\/v2\/media?parent=7740"}],"wp:term":[{"taxonomy":"product_brand","embeddable":true,"href":"https:\/\/lekka-store.pl\/en\/wp-json\/wp\/v2\/product_brand?post=7740"},{"taxonomy":"product_cat","embeddable":true,"href":"https:\/\/lekka-store.pl\/en\/wp-json\/wp\/v2\/product_cat?post=7740"},{"taxonomy":"product_tag","embeddable":true,"href":"https:\/\/lekka-store.pl\/en\/wp-json\/wp\/v2\/product_tag?post=7740"}],"curies":[{"name":"wp","href":"https:\/\/api.w.org\/{rel}","templated":true}]}}